{"id":324,"date":"2019-01-09T19:22:00","date_gmt":"2019-01-09T19:22:00","guid":{"rendered":"https:\/\/lecaldanelle.com\/?page_id=324"},"modified":"2019-02-21T18:07:02","modified_gmt":"2019-02-21T18:07:02","slug":"esperienze-in-toscana","status":"publish","type":"page","link":"https:\/\/lecaldanelle.com\/it\/esperienze-in-toscana\/","title":{"rendered":"Esperienze"},"content":{"rendered":"\t\t<div data-elementor-type=\"wp-post\" data-elementor-id=\"324\" class=\"elementor elementor-324 elementor-1158 elementor-bc-flex-widget\">\n\t\t\t\t\t\t\t\t\t<section class=\"elementor-section elementor-top-section elementor-element elementor-element-4ac5e19 elementor-section-full_width elementor-section-height-default elementor-section-height-default\" data-id=\"4ac5e19\" data-element_type=\"section\" data-settings=\"{&quot;background_background&quot;:&quot;classic&quot;}\">\n\t\t\t\t\t\t<div class=\"elementor-container elementor-column-gap-default\">\n\t\t\t\t\t<div class=\"elementor-column elementor-col-100 elementor-top-column elementor-element elementor-element-5a8612c\" data-id=\"5a8612c\" data-element_type=\"column\">\n\t\t\t<div class=\"elementor-widget-wrap elementor-element-populated\">\n\t\t\t\t\t\t\t\t<div class=\"elementor-element elementor-element-90ecb90 elementor-widget elementor-widget-heading\" data-id=\"90ecb90\" data-element_type=\"widget\" data-widget_type=\"heading.default\">\n\t\t\t\t<div class=\"elementor-widget-container\">\n\t\t\t<h1 class=\"elementor-heading-title elementor-size-large\">contatti<\/h1>\t\t<\/div>\n\t\t\t\t<\/div>\n\t\t\t\t\t<\/div>\n\t\t<\/div>\n\t\t\t\t\t\t\t<\/div>\n\t\t<\/section>\n\t\t\t\t<section class=\"elementor-section elementor-top-section elementor-element elementor-element-17af924 elementor-section-full_width elementor-section-height-default elementor-section-height-default\" data-id=\"17af924\" data-element_type=\"section\">\n\t\t\t\t\t\t<div class=\"elementor-container elementor-column-gap-default\">\n\t\t\t\t\t<div class=\"elementor-column elementor-col-100 elementor-top-column elementor-element elementor-element-a081c22\" data-id=\"a081c22\" data-element_type=\"column\">\n\t\t\t<div class=\"elementor-widget-wrap\">\n\t\t\t\t\t\t\t\t\t<\/div>\n\t\t<\/div>\n\t\t\t\t\t\t\t<\/div>\n\t\t<\/section>\n\t\t\t\t<section class=\"elementor-section elementor-top-section elementor-element elementor-element-8aabf87 elementor-section-full_width elementor-section-height-default elementor-section-height-default\" data-id=\"8aabf87\" data-element_type=\"section\">\n\t\t\t\t\t\t<div class=\"elementor-container elementor-column-gap-default\">\n\t\t\t\t\t<div class=\"elementor-column elementor-col-100 elementor-top-column elementor-element elementor-element-4d4a9f4\" data-id=\"4d4a9f4\" data-element_type=\"column\">\n\t\t\t<div class=\"elementor-widget-wrap\">\n\t\t\t\t\t\t\t\t\t<\/div>\n\t\t<\/div>\n\t\t\t\t\t\t\t<\/div>\n\t\t<\/section>\n\t\t\t\t<section class=\"elementor-section elementor-top-section elementor-element elementor-element-caf03de elementor-section-full_width elementor-section-height-default elementor-section-height-default\" data-id=\"caf03de\" data-element_type=\"section\">\n\t\t\t\t\t\t<div class=\"elementor-container elementor-column-gap-default\">\n\t\t\t\t\t<div class=\"elementor-column elementor-col-100 elementor-top-column elementor-element elementor-element-656e8f2\" data-id=\"656e8f2\" data-element_type=\"column\">\n\t\t\t<div class=\"elementor-widget-wrap\">\n\t\t\t\t\t\t\t\t\t<\/div>\n\t\t<\/div>\n\t\t\t\t\t\t\t<\/div>\n\t\t<\/section>\n\t\t\t\t\t\t\t<\/div>\n\t\t","protected":false},"excerpt":{"rendered":"<p>Guided Tour Claudia, la figlia di Anna, con una laurea in Storia dell&#8217;arte all&#8217;Universit\u00e0 di Siena, dal 2016 \u00e8 una guida autorizzata di Siena e provincia. A Siena propongo tour classici per chi non ha mai visitato la citt\u00e0, toccando i luoghi di maggiore interesse (Piazza del Campo, Palazzo Pubblico e il grande complesso del [&hellip;]<\/p>\n","protected":false},"author":2,"featured_media":2542,"parent":0,"menu_order":0,"comment_status":"closed","ping_status":"closed","template":"elementor_header_footer","meta":[],"yoast_head":"<!-- This site is optimized with the Yoast SEO plugin v21.8.1 - https:\/\/yoast.com\/wordpress\/plugins\/seo\/ -->\n<title>Esperienza in Toscana - Le Caldanelle Agriturismo Pari<\/title>\n<meta name=\"description\" content=\"All&#039;Agriturismo Le Caldanelle potrai usufruire di attivit\u00e0 e Tour guidati a Siena e nella sua provincia, lezioni di Cucina Toscana e Tour del Vino Brunello.\" \/>\n<meta name=\"robots\" content=\"index, follow, max-snippet:-1, max-image-preview:large, max-video-preview:-1\" \/>\n<link rel=\"canonical\" href=\"https:\/\/lecaldanelle.com\/it\/esperienze-in-toscana\/\" \/>\n<meta property=\"og:locale\" content=\"it_IT\" \/>\n<meta property=\"og:type\" content=\"article\" \/>\n<meta property=\"og:title\" content=\"Esperienza in Toscana - Le Caldanelle Agriturismo Pari\" \/>\n<meta property=\"og:description\" content=\"All&#039;Agriturismo Le Caldanelle potrai usufruire di attivit\u00e0 e Tour guidati a Siena e nella sua provincia, lezioni di Cucina Toscana e Tour del Vino Brunello.\" \/>\n<meta property=\"og:url\" content=\"https:\/\/lecaldanelle.com\/it\/esperienze-in-toscana\/\" \/>\n<meta property=\"og:site_name\" content=\"Agriturismo Le Caldanelle\" \/>\n<meta property=\"article:modified_time\" content=\"2019-02-21T18:07:02+00:00\" \/>\n<meta property=\"og:image\" content=\"https:\/\/lecaldanelle.com\/wp-content\/uploads\/2019\/02\/experience-tuscany-1.jpg\" \/>\n\t<meta property=\"og:image:width\" content=\"842\" \/>\n\t<meta property=\"og:image:height\" content=\"423\" \/>\n\t<meta property=\"og:image:type\" content=\"image\/jpeg\" \/>\n<meta name=\"twitter:card\" content=\"summary_large_image\" \/>\n<meta name=\"twitter:label1\" content=\"Tempo di lettura stimato\" \/>\n\t<meta name=\"twitter:data1\" content=\"3 minuti\" \/>\n<script type=\"application\/ld+json\" class=\"yoast-schema-graph\">{\"@context\":\"https:\/\/schema.org\",\"@graph\":[{\"@type\":\"WebPage\",\"@id\":\"https:\/\/lecaldanelle.com\/it\/esperienze-in-toscana\/\",\"url\":\"https:\/\/lecaldanelle.com\/it\/esperienze-in-toscana\/\",\"name\":\"Esperienza in Toscana - Le Caldanelle Agriturismo Pari\",\"isPartOf\":{\"@id\":\"https:\/\/lecaldanelle.com\/#website\"},\"datePublished\":\"2019-01-09T19:22:00+00:00\",\"dateModified\":\"2019-02-21T18:07:02+00:00\",\"description\":\"All'Agriturismo Le Caldanelle potrai usufruire di attivit\u00e0 e Tour guidati a Siena e nella sua provincia, lezioni di Cucina Toscana e Tour del Vino Brunello.\",\"breadcrumb\":{\"@id\":\"https:\/\/lecaldanelle.com\/it\/esperienze-in-toscana\/#breadcrumb\"},\"inLanguage\":\"it-IT\",\"potentialAction\":[{\"@type\":\"ReadAction\",\"target\":[\"https:\/\/lecaldanelle.com\/it\/esperienze-in-toscana\/\"]}]},{\"@type\":\"BreadcrumbList\",\"@id\":\"https:\/\/lecaldanelle.com\/it\/esperienze-in-toscana\/#breadcrumb\",\"itemListElement\":[{\"@type\":\"ListItem\",\"position\":1,\"name\":\"Home\",\"item\":\"https:\/\/lecaldanelle.com\/it\/\"},{\"@type\":\"ListItem\",\"position\":2,\"name\":\"Esperienze\"}]},{\"@type\":\"WebSite\",\"@id\":\"https:\/\/lecaldanelle.com\/#website\",\"url\":\"https:\/\/lecaldanelle.com\/\",\"name\":\"Agriturismo Le Caldanelle\",\"description\":\"Tuscan Farmhouse\",\"potentialAction\":[{\"@type\":\"SearchAction\",\"target\":{\"@type\":\"EntryPoint\",\"urlTemplate\":\"https:\/\/lecaldanelle.com\/?s={search_term_string}\"},\"query-input\":\"required name=search_term_string\"}],\"inLanguage\":\"it-IT\"}]}<\/script>\n<!-- \/ Yoast SEO plugin. -->","yoast_head_json":{"title":"Esperienza in Toscana - Le Caldanelle Agriturismo Pari","description":"All'Agriturismo Le Caldanelle potrai usufruire di attivit\u00e0 e Tour guidati a Siena e nella sua provincia, lezioni di Cucina Toscana e Tour del Vino Brunello.","robots":{"index":"index","follow":"follow","max-snippet":"max-snippet:-1","max-image-preview":"max-image-preview:large","max-video-preview":"max-video-preview:-1"},"canonical":"https:\/\/lecaldanelle.com\/it\/esperienze-in-toscana\/","og_locale":"it_IT","og_type":"article","og_title":"Esperienza in Toscana - Le Caldanelle Agriturismo Pari","og_description":"All'Agriturismo Le Caldanelle potrai usufruire di attivit\u00e0 e Tour guidati a Siena e nella sua provincia, lezioni di Cucina Toscana e Tour del Vino Brunello.","og_url":"https:\/\/lecaldanelle.com\/it\/esperienze-in-toscana\/","og_site_name":"Agriturismo Le Caldanelle","article_modified_time":"2019-02-21T18:07:02+00:00","og_image":[{"width":842,"height":423,"url":"https:\/\/lecaldanelle.com\/wp-content\/uploads\/2019\/02\/experience-tuscany-1.jpg","type":"image\/jpeg"}],"twitter_card":"summary_large_image","twitter_misc":{"Tempo di lettura stimato":"3 minuti"},"schema":{"@context":"https:\/\/schema.org","@graph":[{"@type":"WebPage","@id":"https:\/\/lecaldanelle.com\/it\/esperienze-in-toscana\/","url":"https:\/\/lecaldanelle.com\/it\/esperienze-in-toscana\/","name":"Esperienza in Toscana - Le Caldanelle Agriturismo Pari","isPartOf":{"@id":"https:\/\/lecaldanelle.com\/#website"},"datePublished":"2019-01-09T19:22:00+00:00","dateModified":"2019-02-21T18:07:02+00:00","description":"All'Agriturismo Le Caldanelle potrai usufruire di attivit\u00e0 e Tour guidati a Siena e nella sua provincia, lezioni di Cucina Toscana e Tour del Vino Brunello.","breadcrumb":{"@id":"https:\/\/lecaldanelle.com\/it\/esperienze-in-toscana\/#breadcrumb"},"inLanguage":"it-IT","potentialAction":[{"@type":"ReadAction","target":["https:\/\/lecaldanelle.com\/it\/esperienze-in-toscana\/"]}]},{"@type":"BreadcrumbList","@id":"https:\/\/lecaldanelle.com\/it\/esperienze-in-toscana\/#breadcrumb","itemListElement":[{"@type":"ListItem","position":1,"name":"Home","item":"https:\/\/lecaldanelle.com\/it\/"},{"@type":"ListItem","position":2,"name":"Esperienze"}]},{"@type":"WebSite","@id":"https:\/\/lecaldanelle.com\/#website","url":"https:\/\/lecaldanelle.com\/","name":"Agriturismo Le Caldanelle","description":"Tuscan Farmhouse","potentialAction":[{"@type":"SearchAction","target":{"@type":"EntryPoint","urlTemplate":"https:\/\/lecaldanelle.com\/?s={search_term_string}"},"query-input":"required name=search_term_string"}],"inLanguage":"it-IT"}]}},"_links":{"self":[{"href":"https:\/\/lecaldanelle.com\/it\/wp-json\/wp\/v2\/pages\/324"}],"collection":[{"href":"https:\/\/lecaldanelle.com\/it\/wp-json\/wp\/v2\/pages"}],"about":[{"href":"https:\/\/lecaldanelle.com\/it\/wp-json\/wp\/v2\/types\/page"}],"author":[{"embeddable":true,"href":"https:\/\/lecaldanelle.com\/it\/wp-json\/wp\/v2\/users\/2"}],"replies":[{"embeddable":true,"href":"https:\/\/lecaldanelle.com\/it\/wp-json\/wp\/v2\/comments?post=324"}],"version-history":[{"count":0,"href":"https:\/\/lecaldanelle.com\/it\/wp-json\/wp\/v2\/pages\/324\/revisions"}],"wp:featuredmedia":[{"embeddable":true,"href":"https:\/\/lecaldanelle.com\/it\/wp-json\/wp\/v2\/media\/2542"}],"wp:attachment":[{"href":"https:\/\/lecaldanelle.com\/it\/wp-json\/wp\/v2\/media?parent=324"}],"curies":[{"name":"wp","href":"https:\/\/api.w.org\/{rel}","templated":true}]}}