{"id":3103,"date":"2019-03-13T16:22:23","date_gmt":"2019-03-13T16:22:23","guid":{"rendered":"https:\/\/lecaldanelle.com\/exklusiv-miete-des-anwesen\/"},"modified":"2019-03-13T16:22:26","modified_gmt":"2019-03-13T16:22:26","slug":"exklusiv-miete-des-anwesen","status":"publish","type":"page","link":"https:\/\/lecaldanelle.com\/de\/exklusiv-miete-des-anwesen\/","title":{"rendered":"Exklusiv-Miete des Anwesen"},"content":{"rendered":"\t\t<div data-elementor-type=\"wp-post\" data-elementor-id=\"3103\" class=\"elementor elementor-3103 elementor-1539\">\n\t\t\t\t\t\t\t\t\t<section class=\"elementor-section elementor-top-section elementor-element elementor-element-7201ba4e elementor-section-boxed elementor-section-height-default elementor-section-height-default\" data-id=\"7201ba4e\" data-element_type=\"section\">\n\t\t\t\t\t\t<div class=\"elementor-container elementor-column-gap-default\">\n\t\t\t\t\t<div class=\"elementor-column elementor-col-100 elementor-top-column elementor-element elementor-element-16f1176\" data-id=\"16f1176\" data-element_type=\"column\">\n\t\t\t<div class=\"elementor-widget-wrap\">\n\t\t\t\t\t\t\t\t\t<\/div>\n\t\t<\/div>\n\t\t\t\t\t\t\t<\/div>\n\t\t<\/section>\n\t\t\t\t<section class=\"elementor-section elementor-top-section elementor-element elementor-element-3c449d38 elementor-section-boxed elementor-section-height-default elementor-section-height-default\" data-id=\"3c449d38\" data-element_type=\"section\">\n\t\t\t\t\t\t<div class=\"elementor-container elementor-column-gap-no\">\n\t\t\t\t\t<div class=\"elementor-column elementor-col-50 elementor-top-column elementor-element elementor-element-2a0e1ee2\" data-id=\"2a0e1ee2\" data-element_type=\"column\">\n\t\t\t<div class=\"elementor-widget-wrap\">\n\t\t\t\t\t\t\t\t\t<\/div>\n\t\t<\/div>\n\t\t\t\t<div class=\"elementor-column elementor-col-50 elementor-top-column elementor-element elementor-element-2ace6898\" data-id=\"2ace6898\" data-element_type=\"column\">\n\t\t\t<div class=\"elementor-widget-wrap elementor-element-populated\">\n\t\t\t\t\t\t\t\t<div class=\"elementor-element elementor-element-19d7167c elementor-widget elementor-widget-text-editor\" data-id=\"19d7167c\" data-element_type=\"widget\" data-widget_type=\"text-editor.default\">\n\t\t\t\t<div class=\"elementor-widget-container\">\n\t\t\t\t\t\t\t<p>Beschreibung<\/p>\n\t\t\t\t\t\t<\/div>\n\t\t\t\t<\/div>\n\t\t\t\t<div class=\"elementor-element elementor-element-6b75f28 elementor-widget elementor-widget-heading\" data-id=\"6b75f28\" data-element_type=\"widget\" data-widget_type=\"heading.default\">\n\t\t\t\t<div class=\"elementor-widget-container\">\n\t\t\t<h1 class=\"elementor-heading-title elementor-size-default\">Le Caldanelle<\/h1>\t\t<\/div>\n\t\t\t\t<\/div>\n\t\t\t\t<div class=\"elementor-element elementor-element-7761e563 animated-slow elementor-widget-divider--view-line elementor-invisible elementor-widget elementor-widget-divider\" data-id=\"7761e563\" data-element_type=\"widget\" data-settings=\"{&quot;_animation&quot;:&quot;slideInDown&quot;}\" data-widget_type=\"divider.default\">\n\t\t\t\t<div class=\"elementor-widget-container\">\n\t\t\t\t\t<div class=\"elementor-divider\">\n\t\t\t<span class=\"elementor-divider-separator\">\n\t\t\t\t\t\t<\/span>\n\t\t<\/div>\n\t\t\t\t<\/div>\n\t\t\t\t<\/div>\n\t\t\t\t<div class=\"elementor-element elementor-element-3d37840c elementor-widget elementor-widget-text-editor\" data-id=\"3d37840c\" data-element_type=\"widget\" data-widget_type=\"text-editor.default\">\n\t\t\t\t<div class=\"elementor-widget-container\">\n\t\t\t\t\t\t\t<p>Das Anwesen besteht aus 3 Apartments: Ein Apartment mit einem Schlafzimmer und ein Apartment mit zwei Schlafzimmern, beide im Erdgescho\u00df gelegen. Ein weiteres Apartment mit drei Schlafzimmern (und zwei B\u00e4dern) befindet sich im ersten Stockwerk. Insgesamt k\u00f6nnen bis zu 16 Personen in diesen Wohneinheiten Platz finden.<br \/>\nDie Exklusive-Miete des Anwesens erlaubt es Euch den Garten mit Tischen, St\u00fchlen, Grill und Holzofen zu nutzen, nat\u00fcrlich bezieht sich das auch auf die Nutzung des Pools und der Panorama-Terrasse mit wunderbaren Blick auf das Farma-Tal und dem kleinen Dorf von Pari.<br \/>\nAu\u00dferdem beinhaltet die Miete auch W-Lan, Bettlacken, Handt\u00fccher, einen \u00fcberdachten Parkplatz und Reinigungskosten. Hunde sind akzeptiert. Ihr werdet mit einer Verkostung von unserem Hauseigenen Oliven\u00f6l und einer Flasche Toskanischen Wein empfangen.<\/p>\n\t\t\t\t\t\t<\/div>\n\t\t\t\t<\/div>\n\t\t\t\t\t<\/div>\n\t\t<\/div>\n\t\t\t\t\t\t\t<\/div>\n\t\t<\/section>\n\t\t\t\t<section class=\"elementor-section elementor-top-section elementor-element elementor-element-5654c71b elementor-section-boxed elementor-section-height-default elementor-section-height-default\" data-id=\"5654c71b\" data-element_type=\"section\" data-settings=\"{&quot;background_background&quot;:&quot;classic&quot;}\">\n\t\t\t\t\t\t<div class=\"elementor-container elementor-column-gap-default\">\n\t\t\t\t\t<div class=\"elementor-column elementor-col-50 elementor-top-column elementor-element elementor-element-5d09a28b\" data-id=\"5d09a28b\" data-element_type=\"column\">\n\t\t\t<div class=\"elementor-widget-wrap elementor-element-populated\">\n\t\t\t\t\t\t\t\t<section class=\"elementor-section elementor-inner-section elementor-element elementor-element-2042ae12 elementor-section-full_width elementor-section-content-top elementor-section-height-default elementor-section-height-default\" data-id=\"2042ae12\" data-element_type=\"section\">\n\t\t\t\t\t\t<div class=\"elementor-container elementor-column-gap-default\">\n\t\t\t\t\t<div class=\"elementor-column elementor-col-50 elementor-inner-column elementor-element elementor-element-4f981b1d\" data-id=\"4f981b1d\" data-element_type=\"column\">\n\t\t\t<div class=\"elementor-widget-wrap elementor-element-populated\">\n\t\t\t\t\t\t\t\t<div class=\"elementor-element elementor-element-5530c02d elementor-widget elementor-widget-heading\" data-id=\"5530c02d\" data-element_type=\"widget\" data-widget_type=\"heading.default\">\n\t\t\t\t<div class=\"elementor-widget-container\">\n\t\t\t<h2 class=\"elementor-heading-title elementor-size-default\">Ganze Eigenschaft<\/h2>\t\t<\/div>\n\t\t\t\t<\/div>\n\t\t\t\t\t<\/div>\n\t\t<\/div>\n\t\t\t\t<div class=\"elementor-column elementor-col-50 elementor-inner-column elementor-element elementor-element-57029614\" data-id=\"57029614\" data-element_type=\"column\">\n\t\t\t<div class=\"elementor-widget-wrap elementor-element-populated\">\n\t\t\t\t\t\t\t\t<div class=\"elementor-element elementor-element-74fe065b elementor-view-default elementor-widget elementor-widget-icon\" data-id=\"74fe065b\" data-element_type=\"widget\" data-widget_type=\"icon.default\">\n\t\t\t\t<div class=\"elementor-widget-container\">\n\t\t\t\t\t<div class=\"elementor-icon-wrapper\">\n\t\t\t<div class=\"elementor-icon\">\n\t\t\t\t\t\t\t<i class=\"fa fa-home\" aria-hidden=\"true\"><\/i>\n\t\t\t\t\t\t<\/div>\n\t\t<\/div>\n\t\t\t\t<\/div>\n\t\t\t\t<\/div>\n\t\t\t\t\t<\/div>\n\t\t<\/div>\n\t\t\t\t\t\t\t<\/div>\n\t\t<\/section>\n\t\t\t\t<div class=\"elementor-element elementor-element-35c4f6c7 elementor-widget elementor-widget-heading\" data-id=\"35c4f6c7\" data-element_type=\"widget\" data-widget_type=\"heading.default\">\n\t\t\t\t<div class=\"elementor-widget-container\">\n\t\t\t<span class=\"elementor-heading-title elementor-size-default\">Preise f\u00fcr die Neben*<\/span>\t\t<\/div>\n\t\t\t\t<\/div>\n\t\t\t\t<section class=\"elementor-section elementor-inner-section elementor-element elementor-element-17d0bcd0 elementor-section-content-top elementor-section-boxed elementor-section-height-default elementor-section-height-default\" data-id=\"17d0bcd0\" data-element_type=\"section\">\n\t\t\t\t\t\t<div class=\"elementor-container elementor-column-gap-default\">\n\t\t\t\t\t<div class=\"elementor-column elementor-col-33 elementor-inner-column elementor-element elementor-element-6b2c93ca\" data-id=\"6b2c93ca\" data-element_type=\"column\">\n\t\t\t<div class=\"elementor-widget-wrap elementor-element-populated\">\n\t\t\t\t\t\t\t\t<div class=\"elementor-element elementor-element-ac93fc5 price elementor-widget elementor-widget-text-editor\" data-id=\"ac93fc5\" data-element_type=\"widget\" data-widget_type=\"text-editor.default\">\n\t\t\t\t<div class=\"elementor-widget-container\">\n\t\t\t\t\t\t\t<p>HAUPTSAISON<\/p>\n\t\t\t\t\t\t<\/div>\n\t\t\t\t<\/div>\n\t\t\t\t\t<\/div>\n\t\t<\/div>\n\t\t\t\t<div class=\"elementor-column elementor-col-33 elementor-inner-column elementor-element elementor-element-72b484a9\" data-id=\"72b484a9\" data-element_type=\"column\">\n\t\t\t<div class=\"elementor-widget-wrap elementor-element-populated\">\n\t\t\t\t\t\t\t\t<div class=\"elementor-element elementor-element-2884944a price elementor-widget elementor-widget-text-editor\" data-id=\"2884944a\" data-element_type=\"widget\" data-widget_type=\"text-editor.default\">\n\t\t\t\t<div class=\"elementor-widget-container\">\n\t\t\t\t\t\t\t<p>Juni, Juli, August<\/p>\n\t\t\t\t\t\t<\/div>\n\t\t\t\t<\/div>\n\t\t\t\t\t<\/div>\n\t\t<\/div>\n\t\t\t\t<div class=\"elementor-column elementor-col-33 elementor-inner-column elementor-element elementor-element-439548b5\" data-id=\"439548b5\" data-element_type=\"column\">\n\t\t\t<div class=\"elementor-widget-wrap elementor-element-populated\">\n\t\t\t\t\t\t\t\t<div class=\"elementor-element elementor-element-2dd6a842 price elementor-widget elementor-widget-text-editor\" data-id=\"2dd6a842\" data-element_type=\"widget\" data-widget_type=\"text-editor.default\">\n\t\t\t\t<div class=\"elementor-widget-container\">\n\t\t\t\t\t\t\t<p>600 \u20ac<\/p>\n\t\t\t\t\t\t<\/div>\n\t\t\t\t<\/div>\n\t\t\t\t\t<\/div>\n\t\t<\/div>\n\t\t\t\t\t\t\t<\/div>\n\t\t<\/section>\n\t\t\t\t<section class=\"elementor-section elementor-inner-section elementor-element elementor-element-3ff22a3b elementor-section-content-top elementor-section-boxed elementor-section-height-default elementor-section-height-default\" data-id=\"3ff22a3b\" data-element_type=\"section\">\n\t\t\t\t\t\t<div class=\"elementor-container elementor-column-gap-default\">\n\t\t\t\t\t<div class=\"elementor-column elementor-col-33 elementor-inner-column elementor-element elementor-element-45045a2b\" data-id=\"45045a2b\" data-element_type=\"column\">\n\t\t\t<div class=\"elementor-widget-wrap elementor-element-populated\">\n\t\t\t\t\t\t\t\t<div class=\"elementor-element elementor-element-6376bfcb price elementor-widget elementor-widget-text-editor\" data-id=\"6376bfcb\" data-element_type=\"widget\" data-widget_type=\"text-editor.default\">\n\t\t\t\t<div class=\"elementor-widget-container\">\n\t\t\t\t\t\t\t<p>MITTE DER SAISON<\/p>\n\t\t\t\t\t\t<\/div>\n\t\t\t\t<\/div>\n\t\t\t\t\t<\/div>\n\t\t<\/div>\n\t\t\t\t<div class=\"elementor-column elementor-col-33 elementor-inner-column elementor-element elementor-element-393acb13\" data-id=\"393acb13\" data-element_type=\"column\">\n\t\t\t<div class=\"elementor-widget-wrap elementor-element-populated\">\n\t\t\t\t\t\t\t\t<div class=\"elementor-element elementor-element-9d2771f price elementor-widget elementor-widget-text-editor\" data-id=\"9d2771f\" data-element_type=\"widget\" data-widget_type=\"text-editor.default\">\n\t\t\t\t<div class=\"elementor-widget-container\">\n\t\t\t\t\t\t\t<p>April, Mai, September, Oktober<\/p>\n\t\t\t\t\t\t<\/div>\n\t\t\t\t<\/div>\n\t\t\t\t\t<\/div>\n\t\t<\/div>\n\t\t\t\t<div class=\"elementor-column elementor-col-33 elementor-inner-column elementor-element elementor-element-23a98d9b\" data-id=\"23a98d9b\" data-element_type=\"column\">\n\t\t\t<div class=\"elementor-widget-wrap elementor-element-populated\">\n\t\t\t\t\t\t\t\t<div class=\"elementor-element elementor-element-6f12790e price elementor-widget elementor-widget-text-editor\" data-id=\"6f12790e\" data-element_type=\"widget\" data-widget_type=\"text-editor.default\">\n\t\t\t\t<div class=\"elementor-widget-container\">\n\t\t\t\t\t\t\t<p>500 \u20ac<\/p>\n\t\t\t\t\t\t<\/div>\n\t\t\t\t<\/div>\n\t\t\t\t\t<\/div>\n\t\t<\/div>\n\t\t\t\t\t\t\t<\/div>\n\t\t<\/section>\n\t\t\t\t<section class=\"elementor-section elementor-inner-section elementor-element elementor-element-1df148f3 elementor-section-content-top elementor-section-boxed elementor-section-height-default elementor-section-height-default\" data-id=\"1df148f3\" data-element_type=\"section\">\n\t\t\t\t\t\t<div class=\"elementor-container elementor-column-gap-default\">\n\t\t\t\t\t<div class=\"elementor-column elementor-col-33 elementor-inner-column elementor-element elementor-element-60e111a8\" data-id=\"60e111a8\" data-element_type=\"column\">\n\t\t\t<div class=\"elementor-widget-wrap elementor-element-populated\">\n\t\t\t\t\t\t\t\t<div class=\"elementor-element elementor-element-66745e71 price elementor-widget elementor-widget-text-editor\" data-id=\"66745e71\" data-element_type=\"widget\" data-widget_type=\"text-editor.default\">\n\t\t\t\t<div class=\"elementor-widget-container\">\n\t\t\t\t\t\t\t<p>NEBENSAISON<\/p>\n\t\t\t\t\t\t<\/div>\n\t\t\t\t<\/div>\n\t\t\t\t\t<\/div>\n\t\t<\/div>\n\t\t\t\t<div class=\"elementor-column elementor-col-33 elementor-inner-column elementor-element elementor-element-22b8fba9\" data-id=\"22b8fba9\" data-element_type=\"column\">\n\t\t\t<div class=\"elementor-widget-wrap elementor-element-populated\">\n\t\t\t\t\t\t\t\t<div class=\"elementor-element elementor-element-6ac092d3 price elementor-widget elementor-widget-text-editor\" data-id=\"6ac092d3\" data-element_type=\"widget\" data-widget_type=\"text-editor.default\">\n\t\t\t\t<div class=\"elementor-widget-container\">\n\t\t\t\t\t\t\t<p>Januar, Februar, M\u00e4rz, November, Dezember<\/p>\n\t\t\t\t\t\t<\/div>\n\t\t\t\t<\/div>\n\t\t\t\t\t<\/div>\n\t\t<\/div>\n\t\t\t\t<div class=\"elementor-column elementor-col-33 elementor-inner-column elementor-element elementor-element-3a10400\" data-id=\"3a10400\" data-element_type=\"column\">\n\t\t\t<div class=\"elementor-widget-wrap elementor-element-populated\">\n\t\t\t\t\t\t\t\t<div class=\"elementor-element elementor-element-3dbdf9c2 price elementor-widget elementor-widget-text-editor\" data-id=\"3dbdf9c2\" data-element_type=\"widget\" data-widget_type=\"text-editor.default\">\n\t\t\t\t<div class=\"elementor-widget-container\">\n\t\t\t\t\t\t\t<p>400 \u20ac<\/p>\n\t\t\t\t\t\t<\/div>\n\t\t\t\t<\/div>\n\t\t\t\t\t<\/div>\n\t\t<\/div>\n\t\t\t\t\t\t\t<\/div>\n\t\t<\/section>\n\t\t\t\t<div class=\"elementor-element elementor-element-11801898 elementor-widget elementor-widget-heading\" data-id=\"11801898\" data-element_type=\"widget\" data-widget_type=\"heading.default\">\n\t\t\t\t<div class=\"elementor-widget-container\">\n\t\t\t<span class=\"elementor-heading-title elementor-size-default\">* Minimum 3 N\u00e4chte - Flexible Preise je nach Feierlichkeiten - Preise pro Nacht, unabh\u00e4ngig von der Anzahl der G\u00e4ste<\/span>\t\t<\/div>\n\t\t\t\t<\/div>\n\t\t\t\t\t<\/div>\n\t\t<\/div>\n\t\t\t\t<div class=\"elementor-column elementor-col-50 elementor-top-column elementor-element elementor-element-5e9fac8\" data-id=\"5e9fac8\" data-element_type=\"column\">\n\t\t\t<div class=\"elementor-widget-wrap elementor-element-populated\">\n\t\t\t\t\t\t\t\t<div class=\"elementor-element elementor-element-63b8b2b elementor-widget elementor-widget-heading\" data-id=\"63b8b2b\" data-element_type=\"widget\" data-widget_type=\"heading.default\">\n\t\t\t\t<div class=\"elementor-widget-container\">\n\t\t\t<h1 class=\"elementor-heading-title elementor-size-default\">Kontaktiere uns<\/h1>\t\t<\/div>\n\t\t\t\t<\/div>\n\t\t\t\t<div class=\"elementor-element elementor-element-8538d37 elementor-widget-divider--view-line elementor-widget elementor-widget-divider\" data-id=\"8538d37\" data-element_type=\"widget\" data-widget_type=\"divider.default\">\n\t\t\t\t<div class=\"elementor-widget-container\">\n\t\t\t\t\t<div class=\"elementor-divider\">\n\t\t\t<span class=\"elementor-divider-separator\">\n\t\t\t\t\t\t<\/span>\n\t\t<\/div>\n\t\t\t\t<\/div>\n\t\t\t\t<\/div>\n\t\t\t\t\t<\/div>\n\t\t<\/div>\n\t\t\t\t\t\t\t<\/div>\n\t\t<\/section>\n\t\t\t\t<section class=\"elementor-section elementor-top-section elementor-element elementor-element-76857754 elementor-section-full_width elementor-section-height-default elementor-section-height-default\" data-id=\"76857754\" data-element_type=\"section\" id=\"ccc\">\n\t\t\t\t\t\t<div class=\"elementor-container elementor-column-gap-default\">\n\t\t\t\t\t<section class=\"elementor-column elementor-col-100 elementor-top-column elementor-element elementor-element-4791b0d9\" data-id=\"4791b0d9\" data-element_type=\"column\">\n\t\t\t<div class=\"elementor-widget-wrap\">\n\t\t\t\t\t\t\t\t\t<\/div>\n\t\t<\/section>\n\t\t\t\t\t\t\t<\/div>\n\t\t<\/section>\n\t\t\t\t<section class=\"elementor-section elementor-top-section elementor-element elementor-element-5cf9d5c5 elementor-section-full_width elementor-section-height-default elementor-section-height-default\" data-id=\"5cf9d5c5\" data-element_type=\"section\" id=\"ccc\">\n\t\t\t\t\t\t<div class=\"elementor-container elementor-column-gap-default\">\n\t\t\t\t\t<section class=\"elementor-column elementor-col-100 elementor-top-column elementor-element elementor-element-783db14\" data-id=\"783db14\" data-element_type=\"column\">\n\t\t\t<div class=\"elementor-widget-wrap\">\n\t\t\t\t\t\t\t\t\t<\/div>\n\t\t<\/section>\n\t\t\t\t\t\t\t<\/div>\n\t\t<\/section>\n\t\t\t\t\t\t\t<\/div>\n\t\t","protected":false},"excerpt":{"rendered":"<p>Beschreibung Le Caldanelle Das Anwesen besteht aus 3 Apartments: Ein Apartment mit einem Schlafzimmer und ein Apartment mit zwei Schlafzimmern, beide im Erdgescho\u00df gelegen. Ein weiteres Apartment mit drei Schlafzimmern (und zwei B\u00e4dern) befindet sich im ersten Stockwerk. Insgesamt k\u00f6nnen bis zu 16 Personen in diesen Wohneinheiten Platz finden. Die Exklusive-Miete des Anwesens erlaubt es [&hellip;]<\/p>\n","protected":false},"author":2,"featured_media":0,"parent":0,"menu_order":0,"comment_status":"closed","ping_status":"closed","template":"elementor_header_footer","meta":[],"yoast_head":"<!-- This site is optimized with the Yoast SEO plugin v21.8.1 - https:\/\/yoast.com\/wordpress\/plugins\/seo\/ -->\n<title>Exklusiv-Miete des Anwesen - Agriturismo Le Caldanelle Toskanisches Bauernhaus<\/title>\n<meta name=\"description\" content=\"Sie haben die exklusive Nutzung der Immobilie, zu der der gro\u00dfe Garten, der Grill, der private Pool und die gro\u00dfe Panoramaterrasse mit herrlichem Ausblick geh\u00f6ren\" \/>\n<meta name=\"robots\" content=\"index, follow, max-snippet:-1, max-image-preview:large, max-video-preview:-1\" \/>\n<link rel=\"canonical\" href=\"https:\/\/lecaldanelle.com\/de\/exklusiv-miete-des-anwesen\/\" \/>\n<meta property=\"og:locale\" content=\"de_DE\" \/>\n<meta property=\"og:type\" content=\"article\" \/>\n<meta property=\"og:title\" content=\"Exklusiv-Miete des Anwesen - Agriturismo Le Caldanelle Toskanisches Bauernhaus\" \/>\n<meta property=\"og:description\" content=\"Sie haben die exklusive Nutzung der Immobilie, zu der der gro\u00dfe Garten, der Grill, der private Pool und die gro\u00dfe Panoramaterrasse mit herrlichem Ausblick geh\u00f6ren\" \/>\n<meta property=\"og:url\" content=\"https:\/\/lecaldanelle.com\/de\/exklusiv-miete-des-anwesen\/\" \/>\n<meta property=\"og:site_name\" content=\"Agriturismo Le Caldanelle\" \/>\n<meta property=\"article:modified_time\" content=\"2019-03-13T16:22:26+00:00\" \/>\n<meta name=\"twitter:card\" content=\"summary_large_image\" \/>\n<meta name=\"twitter:label1\" content=\"Gesch\u00e4tzte Lesezeit\" \/>\n\t<meta name=\"twitter:data1\" content=\"1\u00a0Minute\" \/>\n<script type=\"application\/ld+json\" class=\"yoast-schema-graph\">{\"@context\":\"https:\/\/schema.org\",\"@graph\":[{\"@type\":\"WebPage\",\"@id\":\"https:\/\/lecaldanelle.com\/de\/exklusiv-miete-des-anwesen\/\",\"url\":\"https:\/\/lecaldanelle.com\/de\/exklusiv-miete-des-anwesen\/\",\"name\":\"Exklusiv-Miete des Anwesen - Agriturismo Le Caldanelle Toskanisches Bauernhaus\",\"isPartOf\":{\"@id\":\"https:\/\/lecaldanelle.com\/#website\"},\"datePublished\":\"2019-03-13T16:22:23+00:00\",\"dateModified\":\"2019-03-13T16:22:26+00:00\",\"description\":\"Sie haben die exklusive Nutzung der Immobilie, zu der der gro\u00dfe Garten, der Grill, der private Pool und die gro\u00dfe Panoramaterrasse mit herrlichem Ausblick geh\u00f6ren\",\"breadcrumb\":{\"@id\":\"https:\/\/lecaldanelle.com\/de\/exklusiv-miete-des-anwesen\/#breadcrumb\"},\"inLanguage\":\"de\",\"potentialAction\":[{\"@type\":\"ReadAction\",\"target\":[\"https:\/\/lecaldanelle.com\/de\/exklusiv-miete-des-anwesen\/\"]}]},{\"@type\":\"BreadcrumbList\",\"@id\":\"https:\/\/lecaldanelle.com\/de\/exklusiv-miete-des-anwesen\/#breadcrumb\",\"itemListElement\":[{\"@type\":\"ListItem\",\"position\":1,\"name\":\"Home\",\"item\":\"https:\/\/lecaldanelle.com\/de\/\"},{\"@type\":\"ListItem\",\"position\":2,\"name\":\"Exklusiv-Miete des Anwesen\"}]},{\"@type\":\"WebSite\",\"@id\":\"https:\/\/lecaldanelle.com\/#website\",\"url\":\"https:\/\/lecaldanelle.com\/\",\"name\":\"Agriturismo Le Caldanelle\",\"description\":\"Tuscan Farmhouse\",\"potentialAction\":[{\"@type\":\"SearchAction\",\"target\":{\"@type\":\"EntryPoint\",\"urlTemplate\":\"https:\/\/lecaldanelle.com\/?s={search_term_string}\"},\"query-input\":\"required name=search_term_string\"}],\"inLanguage\":\"de\"}]}<\/script>\n<!-- \/ Yoast SEO plugin. -->","yoast_head_json":{"title":"Exklusiv-Miete des Anwesen - Agriturismo Le Caldanelle Toskanisches Bauernhaus","description":"Sie haben die exklusive Nutzung der Immobilie, zu der der gro\u00dfe Garten, der Grill, der private Pool und die gro\u00dfe Panoramaterrasse mit herrlichem Ausblick geh\u00f6ren","robots":{"index":"index","follow":"follow","max-snippet":"max-snippet:-1","max-image-preview":"max-image-preview:large","max-video-preview":"max-video-preview:-1"},"canonical":"https:\/\/lecaldanelle.com\/de\/exklusiv-miete-des-anwesen\/","og_locale":"de_DE","og_type":"article","og_title":"Exklusiv-Miete des Anwesen - Agriturismo Le Caldanelle Toskanisches Bauernhaus","og_description":"Sie haben die exklusive Nutzung der Immobilie, zu der der gro\u00dfe Garten, der Grill, der private Pool und die gro\u00dfe Panoramaterrasse mit herrlichem Ausblick geh\u00f6ren","og_url":"https:\/\/lecaldanelle.com\/de\/exklusiv-miete-des-anwesen\/","og_site_name":"Agriturismo Le Caldanelle","article_modified_time":"2019-03-13T16:22:26+00:00","twitter_card":"summary_large_image","twitter_misc":{"Gesch\u00e4tzte Lesezeit":"1\u00a0Minute"},"schema":{"@context":"https:\/\/schema.org","@graph":[{"@type":"WebPage","@id":"https:\/\/lecaldanelle.com\/de\/exklusiv-miete-des-anwesen\/","url":"https:\/\/lecaldanelle.com\/de\/exklusiv-miete-des-anwesen\/","name":"Exklusiv-Miete des Anwesen - Agriturismo Le Caldanelle Toskanisches Bauernhaus","isPartOf":{"@id":"https:\/\/lecaldanelle.com\/#website"},"datePublished":"2019-03-13T16:22:23+00:00","dateModified":"2019-03-13T16:22:26+00:00","description":"Sie haben die exklusive Nutzung der Immobilie, zu der der gro\u00dfe Garten, der Grill, der private Pool und die gro\u00dfe Panoramaterrasse mit herrlichem Ausblick geh\u00f6ren","breadcrumb":{"@id":"https:\/\/lecaldanelle.com\/de\/exklusiv-miete-des-anwesen\/#breadcrumb"},"inLanguage":"de","potentialAction":[{"@type":"ReadAction","target":["https:\/\/lecaldanelle.com\/de\/exklusiv-miete-des-anwesen\/"]}]},{"@type":"BreadcrumbList","@id":"https:\/\/lecaldanelle.com\/de\/exklusiv-miete-des-anwesen\/#breadcrumb","itemListElement":[{"@type":"ListItem","position":1,"name":"Home","item":"https:\/\/lecaldanelle.com\/de\/"},{"@type":"ListItem","position":2,"name":"Exklusiv-Miete des Anwesen"}]},{"@type":"WebSite","@id":"https:\/\/lecaldanelle.com\/#website","url":"https:\/\/lecaldanelle.com\/","name":"Agriturismo Le Caldanelle","description":"Tuscan Farmhouse","potentialAction":[{"@type":"SearchAction","target":{"@type":"EntryPoint","urlTemplate":"https:\/\/lecaldanelle.com\/?s={search_term_string}"},"query-input":"required name=search_term_string"}],"inLanguage":"de"}]}},"_links":{"self":[{"href":"https:\/\/lecaldanelle.com\/de\/wp-json\/wp\/v2\/pages\/3103"}],"collection":[{"href":"https:\/\/lecaldanelle.com\/de\/wp-json\/wp\/v2\/pages"}],"about":[{"href":"https:\/\/lecaldanelle.com\/de\/wp-json\/wp\/v2\/types\/page"}],"author":[{"embeddable":true,"href":"https:\/\/lecaldanelle.com\/de\/wp-json\/wp\/v2\/users\/2"}],"replies":[{"embeddable":true,"href":"https:\/\/lecaldanelle.com\/de\/wp-json\/wp\/v2\/comments?post=3103"}],"version-history":[{"count":0,"href":"https:\/\/lecaldanelle.com\/de\/wp-json\/wp\/v2\/pages\/3103\/revisions"}],"wp:attachment":[{"href":"https:\/\/lecaldanelle.com\/de\/wp-json\/wp\/v2\/media?parent=3103"}],"curies":[{"name":"wp","href":"https:\/\/api.w.org\/{rel}","templated":true}]}}