{"id":2928,"date":"2019-03-06T16:55:30","date_gmt":"2019-03-06T16:55:30","guid":{"rendered":"https:\/\/lecaldanelle.com\/kontakte\/"},"modified":"2023-02-17T14:52:01","modified_gmt":"2023-02-17T13:52:01","slug":"kontakte","status":"publish","type":"page","link":"https:\/\/lecaldanelle.com\/de\/kontakte\/","title":{"rendered":"Kontakte"},"content":{"rendered":"\t\t<div data-elementor-type=\"wp-post\" data-elementor-id=\"2928\" class=\"elementor elementor-2928 elementor-249\">\n\t\t\t\t\t\t\t\t\t<section class=\"elementor-section elementor-top-section elementor-element elementor-element-15e91563 elementor-section-full_width elementor-section-height-default elementor-section-height-default\" data-id=\"15e91563\" data-element_type=\"section\" data-settings=\"{&quot;background_background&quot;:&quot;classic&quot;}\">\n\t\t\t\t\t\t<div class=\"elementor-container elementor-column-gap-default\">\n\t\t\t\t\t<div class=\"elementor-column elementor-col-100 elementor-top-column elementor-element elementor-element-2bd3dcf\" data-id=\"2bd3dcf\" data-element_type=\"column\">\n\t\t\t<div class=\"elementor-widget-wrap elementor-element-populated\">\n\t\t\t\t\t\t\t\t<div class=\"elementor-element elementor-element-71a38095 elementor-widget elementor-widget-heading\" data-id=\"71a38095\" data-element_type=\"widget\" data-widget_type=\"heading.default\">\n\t\t\t\t<div class=\"elementor-widget-container\">\n\t\t\t<h1 class=\"elementor-heading-title elementor-size-large\">Kontakte<\/h1>\t\t<\/div>\n\t\t\t\t<\/div>\n\t\t\t\t\t<\/div>\n\t\t<\/div>\n\t\t\t\t\t\t\t<\/div>\n\t\t<\/section>\n\t\t\t\t<section class=\"elementor-section elementor-top-section elementor-element elementor-element-e590b25 elementor-section-full_width elementor-section-height-default elementor-section-height-default\" data-id=\"e590b25\" data-element_type=\"section\" data-settings=\"{&quot;background_background&quot;:&quot;classic&quot;}\">\n\t\t\t\t\t\t<div class=\"elementor-container elementor-column-gap-default\">\n\t\t\t\t\t<div class=\"elementor-column elementor-col-100 elementor-top-column elementor-element elementor-element-1292276\" data-id=\"1292276\" data-element_type=\"column\">\n\t\t\t<div class=\"elementor-widget-wrap elementor-element-populated\">\n\t\t\t\t\t\t\t\t<section class=\"elementor-section elementor-inner-section elementor-element elementor-element-9e3b101 elementor-section-full_width elementor-reverse-mobile elementor-section-height-default elementor-section-height-default\" data-id=\"9e3b101\" data-element_type=\"section\">\n\t\t\t\t\t\t<div class=\"elementor-container elementor-column-gap-default\">\n\t\t\t\t\t<div class=\"elementor-column elementor-col-50 elementor-inner-column elementor-element elementor-element-ddb4847\" data-id=\"ddb4847\" data-element_type=\"column\">\n\t\t\t<div class=\"elementor-widget-wrap elementor-element-populated\">\n\t\t\t\t\t\t\t\t<div class=\"elementor-element elementor-element-843dd3f elementor-widget elementor-widget-google_maps\" data-id=\"843dd3f\" data-element_type=\"widget\" data-widget_type=\"google_maps.default\">\n\t\t\t\t<div class=\"elementor-widget-container\">\n\t\t\t\t\t<div class=\"elementor-custom-embed\">\n\t\t\t<iframe loading=\"lazy\"\n\t\t\t\t\tsrc=\"https:\/\/maps.google.com\/maps?q=Agriturismo%20Le%20Caldanelle%20Podere%20San%20Ansano&#038;t=m&#038;z=15&#038;output=embed&#038;iwloc=near\"\n\t\t\t\t\ttitle=\"Agriturismo Le Caldanelle Podere San Ansano\"\n\t\t\t\t\taria-label=\"Agriturismo Le Caldanelle Podere San Ansano\"\n\t\t\t><\/iframe>\n\t\t<\/div>\n\t\t\t\t<\/div>\n\t\t\t\t<\/div>\n\t\t\t\t\t<\/div>\n\t\t<\/div>\n\t\t\t\t<div class=\"elementor-column elementor-col-50 elementor-inner-column elementor-element elementor-element-10bfeaf\" data-id=\"10bfeaf\" data-element_type=\"column\" data-settings=\"{&quot;background_background&quot;:&quot;classic&quot;}\">\n\t\t\t<div class=\"elementor-widget-wrap elementor-element-populated\">\n\t\t\t\t\t\t\t\t<div class=\"elementor-element elementor-element-ae80394 elementor-widget elementor-widget-image\" data-id=\"ae80394\" data-element_type=\"widget\" data-widget_type=\"image.default\">\n\t\t\t\t<div class=\"elementor-widget-container\">\n\t\t\t\t\t\t\t\t\t\t\t\t\t\t\t<img decoding=\"async\" width=\"350\" height=\"64\" src=\"https:\/\/lecaldanelle.com\/wp-content\/uploads\/2019\/02\/farmhouse-lelcaldanelle.png\" class=\"attachment-full size-full wp-image-1514\" alt=\"\" srcset=\"https:\/\/lecaldanelle.com\/wp-content\/uploads\/2019\/02\/farmhouse-lelcaldanelle.png 350w, https:\/\/lecaldanelle.com\/wp-content\/uploads\/2019\/02\/farmhouse-lelcaldanelle-300x55.png 300w\" sizes=\"(max-width: 350px) 100vw, 350px\" \/>\t\t\t\t\t\t\t\t\t\t\t\t\t\t\t<\/div>\n\t\t\t\t<\/div>\n\t\t\t\t<div class=\"elementor-element elementor-element-c8f88d9 elementor-widget elementor-widget-text-editor\" data-id=\"c8f88d9\" data-element_type=\"widget\" data-widget_type=\"text-editor.default\">\n\t\t\t\t<div class=\"elementor-widget-container\">\n\t\t\t\t\t\t\t<p> Bauernhaus Le Caldanelle <br \/> Podere San Ansano <\/p>\n\t\t\t\t\t\t<\/div>\n\t\t\t\t<\/div>\n\t\t\t\t<div class=\"elementor-element elementor-element-0cf301f elementor-widget-divider--view-line elementor-widget elementor-widget-divider\" data-id=\"0cf301f\" data-element_type=\"widget\" data-widget_type=\"divider.default\">\n\t\t\t\t<div class=\"elementor-widget-container\">\n\t\t\t\t\t<div class=\"elementor-divider\">\n\t\t\t<span class=\"elementor-divider-separator\">\n\t\t\t\t\t\t<\/span>\n\t\t<\/div>\n\t\t\t\t<\/div>\n\t\t\t\t<\/div>\n\t\t\t\t<div class=\"elementor-element elementor-element-50248b4 elementor-widget elementor-widget-text-editor\" data-id=\"50248b4\" data-element_type=\"widget\" data-widget_type=\"text-editor.default\">\n\t\t\t\t<div class=\"elementor-widget-container\">\n\t\t\t\t\t\t\t<p><em>Localit\u00e0 Case Maggiori\u00a0<\/em><br \/><em>58045 Pari,\u00a0Civitella Paganico<\/em><br \/><em>(Grosseto)<\/em><\/p>\n\t\t\t\t\t\t<\/div>\n\t\t\t\t<\/div>\n\t\t\t\t<div class=\"elementor-element elementor-element-1030bb3 elementor-widget-divider--view-line elementor-widget elementor-widget-divider\" data-id=\"1030bb3\" data-element_type=\"widget\" data-widget_type=\"divider.default\">\n\t\t\t\t<div class=\"elementor-widget-container\">\n\t\t\t\t\t<div class=\"elementor-divider\">\n\t\t\t<span class=\"elementor-divider-separator\">\n\t\t\t\t\t\t<\/span>\n\t\t<\/div>\n\t\t\t\t<\/div>\n\t\t\t\t<\/div>\n\t\t\t\t<div class=\"elementor-element elementor-element-0c94dea elementor-align-left elementor-icon-list--layout-traditional elementor-list-item-link-full_width elementor-widget elementor-widget-icon-list\" data-id=\"0c94dea\" data-element_type=\"widget\" data-widget_type=\"icon-list.default\">\n\t\t\t\t<div class=\"elementor-widget-container\">\n\t\t\t\t\t<ul class=\"elementor-icon-list-items\">\n\t\t\t\t\t\t\t<li class=\"elementor-icon-list-item\">\n\t\t\t\t\t\t\t\t\t\t\t<span class=\"elementor-icon-list-icon\">\n\t\t\t\t\t\t\t<i aria-hidden=\"true\" class=\"fas fa-phone\"><\/i>\t\t\t\t\t\t<\/span>\n\t\t\t\t\t\t\t\t\t\t<span class=\"elementor-icon-list-text\">+39 328 7289 409<\/span>\n\t\t\t\t\t\t\t\t\t<\/li>\n\t\t\t\t\t\t\t\t<li class=\"elementor-icon-list-item\">\n\t\t\t\t\t\t\t\t\t\t\t<a href=\"mailto:villasantachiarasiena@gmail.com\">\n\n\t\t\t\t\t\t\t\t\t\t\t\t<span class=\"elementor-icon-list-icon\">\n\t\t\t\t\t\t\t<i aria-hidden=\"true\" class=\"fas fa-envelope\"><\/i>\t\t\t\t\t\t<\/span>\n\t\t\t\t\t\t\t\t\t\t<span class=\"elementor-icon-list-text\">villasantachiarasiena@gmail.com<\/span>\n\t\t\t\t\t\t\t\t\t\t\t<\/a>\n\t\t\t\t\t\t\t\t\t<\/li>\n\t\t\t\t\t\t\t\t<li class=\"elementor-icon-list-item\">\n\t\t\t\t\t\t\t\t\t\t\t<span class=\"elementor-icon-list-icon\">\n\t\t\t\t\t\t\t<i aria-hidden=\"true\" class=\"fas fa-map-signs\"><\/i>\t\t\t\t\t\t<\/span>\n\t\t\t\t\t\t\t\t\t\t<span class=\"elementor-icon-list-text\">Koordinaten: 43.068730, 11.312231<\/span>\n\t\t\t\t\t\t\t\t\t<\/li>\n\t\t\t\t\t\t<\/ul>\n\t\t\t\t<\/div>\n\t\t\t\t<\/div>\n\t\t\t\t\t<\/div>\n\t\t<\/div>\n\t\t\t\t\t\t\t<\/div>\n\t\t<\/section>\n\t\t\t\t<section class=\"elementor-section elementor-inner-section elementor-element elementor-element-d3ceb27 elementor-section-full_width elementor-section-content-middle elementor-section-height-default elementor-section-height-default\" data-id=\"d3ceb27\" data-element_type=\"section\" data-settings=\"{&quot;background_background&quot;:&quot;classic&quot;}\">\n\t\t\t\t\t\t<div class=\"elementor-container elementor-column-gap-default\">\n\t\t\t\t\t<div class=\"elementor-column elementor-col-100 elementor-inner-column elementor-element elementor-element-9af1070\" data-id=\"9af1070\" data-element_type=\"column\">\n\t\t\t<div class=\"elementor-widget-wrap elementor-element-populated\">\n\t\t\t\t\t\t\t\t<div class=\"elementor-element elementor-element-a078696 elementor-widget elementor-widget-text-editor\" data-id=\"a078696\" data-element_type=\"widget\" data-widget_type=\"text-editor.default\">\n\t\t\t\t<div class=\"elementor-widget-container\">\n\t\t\t\t\t\t\t<p>wie sie uns erreichen<\/p>\n\t\t\t\t\t\t<\/div>\n\t\t\t\t<\/div>\n\t\t\t\t\t<\/div>\n\t\t<\/div>\n\t\t\t\t\t\t\t<\/div>\n\t\t<\/section>\n\t\t\t\t<section class=\"elementor-section elementor-inner-section elementor-element elementor-element-26c226f elementor-section-full_width elementor-section-content-middle elementor-section-height-default elementor-section-height-default\" data-id=\"26c226f\" data-element_type=\"section\">\n\t\t\t\t\t\t<div class=\"elementor-container elementor-column-gap-default\">\n\t\t\t\t\t<div class=\"elementor-column elementor-col-33 elementor-inner-column elementor-element elementor-element-679cf5d\" data-id=\"679cf5d\" data-element_type=\"column\">\n\t\t\t<div class=\"elementor-widget-wrap elementor-element-populated\">\n\t\t\t\t\t\t\t\t<div class=\"elementor-element elementor-element-f680f36 elementor-widget elementor-widget-text-editor\" data-id=\"f680f36\" data-element_type=\"widget\" data-widget_type=\"text-editor.default\">\n\t\t\t\t<div class=\"elementor-widget-container\">\n\t\t\t\t\t\t\t<p>DER N\u00c4CHSTE FLUGHAFEN:<\/p>\n\t\t\t\t\t\t<\/div>\n\t\t\t\t<\/div>\n\t\t\t\t<div class=\"elementor-element elementor-element-c0d3f2f elementor-widget elementor-widget-text-editor\" data-id=\"c0d3f2f\" data-element_type=\"widget\" data-widget_type=\"text-editor.default\">\n\t\t\t\t<div class=\"elementor-widget-container\">\n\t\t\t\t\t\t\t<p>DER N\u00c4CHSTE FLUGHAFEN<\/p>\n\t\t\t\t\t\t<\/div>\n\t\t\t\t<\/div>\n\t\t\t\t<div class=\"elementor-element elementor-element-6c9bd13 elementor-widget-divider--view-line elementor-widget elementor-widget-divider\" data-id=\"6c9bd13\" data-element_type=\"widget\" data-widget_type=\"divider.default\">\n\t\t\t\t<div class=\"elementor-widget-container\">\n\t\t\t\t\t<div class=\"elementor-divider\">\n\t\t\t<span class=\"elementor-divider-separator\">\n\t\t\t\t\t\t<\/span>\n\t\t<\/div>\n\t\t\t\t<\/div>\n\t\t\t\t<\/div>\n\t\t\t\t<div class=\"elementor-element elementor-element-417ee9a elementor-widget elementor-widget-text-editor\" data-id=\"417ee9a\" data-element_type=\"widget\" data-widget_type=\"text-editor.default\">\n\t\t\t\t<div class=\"elementor-widget-container\">\n\t\t\t\t\t\t\t<p>Firenze 80 km entfernt<\/p>\n\t\t\t\t\t\t<\/div>\n\t\t\t\t<\/div>\n\t\t\t\t\t<\/div>\n\t\t<\/div>\n\t\t\t\t<div class=\"elementor-column elementor-col-33 elementor-inner-column elementor-element elementor-element-17ceb34\" data-id=\"17ceb34\" data-element_type=\"column\">\n\t\t\t<div class=\"elementor-widget-wrap elementor-element-populated\">\n\t\t\t\t\t\t\t\t<div class=\"elementor-element elementor-element-f72cdd4 elementor-widget elementor-widget-text-editor\" data-id=\"f72cdd4\" data-element_type=\"widget\" data-widget_type=\"text-editor.default\">\n\t\t\t\t<div class=\"elementor-widget-container\">\n\t\t\t\t\t\t\t<p>DER N\u00c4CHSTE HAFEN:<\/p>\n\t\t\t\t\t\t<\/div>\n\t\t\t\t<\/div>\n\t\t\t\t<div class=\"elementor-element elementor-element-15dea50 elementor-widget-divider--view-line elementor-widget elementor-widget-divider\" data-id=\"15dea50\" data-element_type=\"widget\" data-widget_type=\"divider.default\">\n\t\t\t\t<div class=\"elementor-widget-container\">\n\t\t\t\t\t<div class=\"elementor-divider\">\n\t\t\t<span class=\"elementor-divider-separator\">\n\t\t\t\t\t\t<\/span>\n\t\t<\/div>\n\t\t\t\t<\/div>\n\t\t\t\t<\/div>\n\t\t\t\t<div class=\"elementor-element elementor-element-af92c89 elementor-widget elementor-widget-text-editor\" data-id=\"af92c89\" data-element_type=\"widget\" data-widget_type=\"text-editor.default\">\n\t\t\t\t<div class=\"elementor-widget-container\">\n\t\t\t\t\t\t\t<p>Piombino 110 km entfernt<\/p>\n\t\t\t\t\t\t<\/div>\n\t\t\t\t<\/div>\n\t\t\t\t\t<\/div>\n\t\t<\/div>\n\t\t\t\t<div class=\"elementor-column elementor-col-33 elementor-inner-column elementor-element elementor-element-3647f0d\" data-id=\"3647f0d\" data-element_type=\"column\">\n\t\t\t<div class=\"elementor-widget-wrap elementor-element-populated\">\n\t\t\t\t\t\t\t\t<div class=\"elementor-element elementor-element-93f3bc1 elementor-widget elementor-widget-text-editor\" data-id=\"93f3bc1\" data-element_type=\"widget\" data-widget_type=\"text-editor.default\">\n\t\t\t\t<div class=\"elementor-widget-container\">\n\t\t\t\t\t\t\t<p>DER N\u00c4CHSTE BAHNHOF:<\/p>\n\t\t\t\t\t\t<\/div>\n\t\t\t\t<\/div>\n\t\t\t\t<div class=\"elementor-element elementor-element-f0d5d73 elementor-widget-divider--view-line elementor-widget elementor-widget-divider\" data-id=\"f0d5d73\" data-element_type=\"widget\" data-widget_type=\"divider.default\">\n\t\t\t\t<div class=\"elementor-widget-container\">\n\t\t\t\t\t<div class=\"elementor-divider\">\n\t\t\t<span class=\"elementor-divider-separator\">\n\t\t\t\t\t\t<\/span>\n\t\t<\/div>\n\t\t\t\t<\/div>\n\t\t\t\t<\/div>\n\t\t\t\t<div class=\"elementor-element elementor-element-74bb65a elementor-widget elementor-widget-text-editor\" data-id=\"74bb65a\" data-element_type=\"widget\" data-widget_type=\"text-editor.default\">\n\t\t\t\t<div class=\"elementor-widget-container\">\n\t\t\t\t\t\t\t<p>Monte Antico 15 km entfernt<\/p>\n\t\t\t\t\t\t<\/div>\n\t\t\t\t<\/div>\n\t\t\t\t\t<\/div>\n\t\t<\/div>\n\t\t\t\t\t\t\t<\/div>\n\t\t<\/section>\n\t\t\t\t\t<\/div>\n\t\t<\/div>\n\t\t\t\t\t\t\t<\/div>\n\t\t<\/section>\n\t\t\t\t<section class=\"elementor-section elementor-top-section elementor-element elementor-element-c110e9f elementor-section-content-middle elementor-reverse-mobile elementor-section-full_width elementor-reverse-tablet elementor-section-height-default elementor-section-height-default\" data-id=\"c110e9f\" data-element_type=\"section\" id=\"review\">\n\t\t\t\t\t\t<div class=\"elementor-container elementor-column-gap-no\">\n\t\t\t\t\t<div class=\"elementor-column elementor-col-50 elementor-top-column elementor-element elementor-element-bdae0ee\" data-id=\"bdae0ee\" data-element_type=\"column\" data-settings=\"{&quot;background_background&quot;:&quot;classic&quot;}\">\n\t\t\t<div class=\"elementor-widget-wrap elementor-element-populated\">\n\t\t\t\t\t\t\t\t<div class=\"elementor-element elementor-element-6fd70b5 elementor-widget elementor-widget-text-editor\" data-id=\"6fd70b5\" data-element_type=\"widget\" data-widget_type=\"text-editor.default\">\n\t\t\t\t<div class=\"elementor-widget-container\">\n\t\t\t\t\t\t\t<p>Rezensionen<\/p>\t\t\t\t\t\t<\/div>\n\t\t\t\t<\/div>\n\t\t\t\t\t<\/div>\n\t\t<\/div>\n\t\t\t\t<div class=\"elementor-column elementor-col-50 elementor-top-column elementor-element elementor-element-1a28b63\" data-id=\"1a28b63\" data-element_type=\"column\">\n\t\t\t<div class=\"elementor-widget-wrap elementor-element-populated\">\n\t\t\t\t\t\t\t\t<div class=\"elementor-element elementor-element-463e952 elementor-widget elementor-widget-heading\" data-id=\"463e952\" data-element_type=\"widget\" data-widget_type=\"heading.default\">\n\t\t\t\t<div class=\"elementor-widget-container\">\n\t\t\t<h1 class=\"elementor-heading-title elementor-size-default\">Kontaktieren Sie uns<\/h1>\t\t<\/div>\n\t\t\t\t<\/div>\n\t\t\t\t<div class=\"elementor-element elementor-element-ee9984d elementor-widget-divider--view-line elementor-widget elementor-widget-divider\" data-id=\"ee9984d\" data-element_type=\"widget\" data-widget_type=\"divider.default\">\n\t\t\t\t<div class=\"elementor-widget-container\">\n\t\t\t\t\t<div class=\"elementor-divider\">\n\t\t\t<span class=\"elementor-divider-separator\">\n\t\t\t\t\t\t<\/span>\n\t\t<\/div>\n\t\t\t\t<\/div>\n\t\t\t\t<\/div>\n\t\t\t\t\t<\/div>\n\t\t<\/div>\n\t\t\t\t\t\t\t<\/div>\n\t\t<\/section>\n\t\t\t\t<section class=\"elementor-section elementor-inner-section elementor-element elementor-element-73f2af7 elementor-section-content-middle elementor-section-full_width elementor-section-height-default elementor-section-height-default\" data-id=\"73f2af7\" data-element_type=\"section\" data-settings=\"{&quot;background_background&quot;:&quot;classic&quot;}\">\n\t\t\t\t\t\t<div class=\"elementor-container elementor-column-gap-default\">\n\t\t\t\t\t<div class=\"elementor-column elementor-col-100 elementor-inner-column elementor-element elementor-element-dde5600\" data-id=\"dde5600\" data-element_type=\"column\">\n\t\t\t<div class=\"elementor-widget-wrap elementor-element-populated\">\n\t\t\t\t\t\t\t\t<div class=\"elementor-element elementor-element-f09264b elementor-widget elementor-widget-text-editor\" data-id=\"f09264b\" data-element_type=\"widget\" data-widget_type=\"text-editor.default\">\n\t\t\t\t<div class=\"elementor-widget-container\">\n\t\t\t\t\t\t\t<p> Hinterlassen Sie eine Bewertung<\/p>\n\t\t\t\t\t\t<\/div>\n\t\t\t\t<\/div>\n\t\t\t\t\t<\/div>\n\t\t<\/div>\n\t\t\t\t\t\t\t<\/div>\n\t\t<\/section>\n\t\t\t\t<section class=\"elementor-section elementor-top-section elementor-element elementor-element-61a148f elementor-section-full_width elementor-section-height-default elementor-section-height-default\" data-id=\"61a148f\" data-element_type=\"section\">\n\t\t\t\t\t\t<div class=\"elementor-container elementor-column-gap-default\">\n\t\t\t\t\t<div class=\"elementor-column elementor-col-100 elementor-top-column elementor-element elementor-element-6239afd\" data-id=\"6239afd\" data-element_type=\"column\">\n\t\t\t<div class=\"elementor-widget-wrap elementor-element-populated\">\n\t\t\t\t\t\t\t\t<div class=\"elementor-element elementor-element-5e176cb elementor-widget elementor-widget-html\" data-id=\"5e176cb\" data-element_type=\"widget\" data-widget_type=\"html.default\">\n\t\t\t\t<div class=\"elementor-widget-container\">\n\t\t\t<div id=\"disqus_thread\"><\/div>\r\n<script>\r\n\r\n\/**\r\n*  RECOMMENDED CONFIGURATION VARIABLES: EDIT AND UNCOMMENT THE SECTION BELOW TO INSERT DYNAMIC VALUES FROM YOUR PLATFORM OR CMS.\r\n*  LEARN WHY DEFINING THESE VARIABLES IS IMPORTANT: https:\/\/disqus.com\/admin\/universalcode\/#configuration-variables*\/\r\n\/*\r\nvar disqus_config = function () {\r\nthis.page.url = PAGE_URL;  \/\/ Replace PAGE_URL with your page's canonical URL variable\r\nthis.page.identifier = PAGE_IDENTIFIER; \/\/ Replace PAGE_IDENTIFIER with your page's unique identifier variable\r\n};\r\n*\/\r\n(function() { \/\/ DON'T EDIT BELOW THIS LINE\r\nvar d = document, s = d.createElement('script');\r\ns.src = 'https:\/\/le-caldanelle-1.disqus.com\/embed.js';\r\ns.setAttribute('data-timestamp', +new Date());\r\n(d.head || d.body).appendChild(s);\r\n})();\r\n<\/script>\r\n<noscript>Please enable JavaScript to view the <a href=\"https:\/\/disqus.com\/?ref_noscript\">comments powered by Disqus.<\/a><\/noscript>\r\n                            \t\t<\/div>\n\t\t\t\t<\/div>\n\t\t\t\t\t<\/div>\n\t\t<\/div>\n\t\t\t\t\t\t\t<\/div>\n\t\t<\/section>\n\t\t\t\t\t\t\t<\/div>\n\t\t","protected":false},"excerpt":{"rendered":"<p>Kontakte Bauernhaus Le Caldanelle Podere San Ansano Localit\u00e0 Case Maggiori\u00a058045 Pari,\u00a0Civitella Paganico(Grosseto) +39 328 7289 409 villasantachiarasiena@gmail.com Koordinaten: 43.068730, 11.312231 wie sie uns erreichen DER N\u00c4CHSTE FLUGHAFEN: DER N\u00c4CHSTE FLUGHAFEN Firenze 80 km entfernt DER N\u00c4CHSTE HAFEN: Piombino 110 km entfernt DER N\u00c4CHSTE BAHNHOF: Monte Antico 15 km entfernt Rezensionen We thoroughly enjoyed our stay [&hellip;]<\/p>\n","protected":false},"author":2,"featured_media":0,"parent":0,"menu_order":0,"comment_status":"closed","ping_status":"closed","template":"elementor_header_footer","meta":[],"yoast_head":"<!-- This site is optimized with the Yoast SEO plugin v21.8.1 - https:\/\/yoast.com\/wordpress\/plugins\/seo\/ -->\n<title>Bauernhaus San Ansano vermieten Ferienwohnungen, 58045 Pari Grosseto. Kontakte<\/title>\n<meta name=\"description\" content=\"Bauernhaus San Ansano vermieten Ferienwohnungen, 58045 Pari Grosseto. Kontakte\" \/>\n<meta name=\"robots\" content=\"index, follow, max-snippet:-1, max-image-preview:large, max-video-preview:-1\" \/>\n<link rel=\"canonical\" href=\"https:\/\/lecaldanelle.com\/de\/kontakte\/\" \/>\n<meta property=\"og:locale\" content=\"de_DE\" \/>\n<meta property=\"og:type\" content=\"article\" \/>\n<meta property=\"og:title\" content=\"Bauernhaus San Ansano vermieten Ferienwohnungen, 58045 Pari Grosseto. Kontakte\" \/>\n<meta property=\"og:description\" content=\"Bauernhaus San Ansano vermieten Ferienwohnungen, 58045 Pari Grosseto. Kontakte\" \/>\n<meta property=\"og:url\" content=\"https:\/\/lecaldanelle.com\/de\/kontakte\/\" \/>\n<meta property=\"og:site_name\" content=\"Agriturismo Le Caldanelle\" \/>\n<meta property=\"article:modified_time\" content=\"2023-02-17T13:52:01+00:00\" \/>\n<meta property=\"og:image\" content=\"https:\/\/lecaldanelle.com\/wp-content\/uploads\/2019\/02\/farmhouse-lelcaldanelle.png\" \/>\n<meta name=\"twitter:card\" content=\"summary_large_image\" \/>\n<meta name=\"twitter:label1\" content=\"Gesch\u00e4tzte Lesezeit\" \/>\n\t<meta name=\"twitter:data1\" content=\"7\u00a0Minuten\" \/>\n<script type=\"application\/ld+json\" class=\"yoast-schema-graph\">{\"@context\":\"https:\/\/schema.org\",\"@graph\":[{\"@type\":\"WebPage\",\"@id\":\"https:\/\/lecaldanelle.com\/de\/kontakte\/\",\"url\":\"https:\/\/lecaldanelle.com\/de\/kontakte\/\",\"name\":\"Bauernhaus San Ansano vermieten Ferienwohnungen, 58045 Pari Grosseto. Kontakte\",\"isPartOf\":{\"@id\":\"https:\/\/lecaldanelle.com\/#website\"},\"datePublished\":\"2019-03-06T16:55:30+00:00\",\"dateModified\":\"2023-02-17T13:52:01+00:00\",\"description\":\"Bauernhaus San Ansano vermieten Ferienwohnungen, 58045 Pari Grosseto. Kontakte\",\"breadcrumb\":{\"@id\":\"https:\/\/lecaldanelle.com\/de\/kontakte\/#breadcrumb\"},\"inLanguage\":\"de\",\"potentialAction\":[{\"@type\":\"ReadAction\",\"target\":[\"https:\/\/lecaldanelle.com\/de\/kontakte\/\"]}]},{\"@type\":\"BreadcrumbList\",\"@id\":\"https:\/\/lecaldanelle.com\/de\/kontakte\/#breadcrumb\",\"itemListElement\":[{\"@type\":\"ListItem\",\"position\":1,\"name\":\"Home\",\"item\":\"https:\/\/lecaldanelle.com\/de\/\"},{\"@type\":\"ListItem\",\"position\":2,\"name\":\"Kontakte\"}]},{\"@type\":\"WebSite\",\"@id\":\"https:\/\/lecaldanelle.com\/#website\",\"url\":\"https:\/\/lecaldanelle.com\/\",\"name\":\"Agriturismo Le Caldanelle\",\"description\":\"Tuscan Farmhouse\",\"potentialAction\":[{\"@type\":\"SearchAction\",\"target\":{\"@type\":\"EntryPoint\",\"urlTemplate\":\"https:\/\/lecaldanelle.com\/?s={search_term_string}\"},\"query-input\":\"required name=search_term_string\"}],\"inLanguage\":\"de\"}]}<\/script>\n<!-- \/ Yoast SEO plugin. -->","yoast_head_json":{"title":"Bauernhaus San Ansano vermieten Ferienwohnungen, 58045 Pari Grosseto. Kontakte","description":"Bauernhaus San Ansano vermieten Ferienwohnungen, 58045 Pari Grosseto. Kontakte","robots":{"index":"index","follow":"follow","max-snippet":"max-snippet:-1","max-image-preview":"max-image-preview:large","max-video-preview":"max-video-preview:-1"},"canonical":"https:\/\/lecaldanelle.com\/de\/kontakte\/","og_locale":"de_DE","og_type":"article","og_title":"Bauernhaus San Ansano vermieten Ferienwohnungen, 58045 Pari Grosseto. Kontakte","og_description":"Bauernhaus San Ansano vermieten Ferienwohnungen, 58045 Pari Grosseto. Kontakte","og_url":"https:\/\/lecaldanelle.com\/de\/kontakte\/","og_site_name":"Agriturismo Le Caldanelle","article_modified_time":"2023-02-17T13:52:01+00:00","og_image":[{"url":"https:\/\/lecaldanelle.com\/wp-content\/uploads\/2019\/02\/farmhouse-lelcaldanelle.png"}],"twitter_card":"summary_large_image","twitter_misc":{"Gesch\u00e4tzte Lesezeit":"7\u00a0Minuten"},"schema":{"@context":"https:\/\/schema.org","@graph":[{"@type":"WebPage","@id":"https:\/\/lecaldanelle.com\/de\/kontakte\/","url":"https:\/\/lecaldanelle.com\/de\/kontakte\/","name":"Bauernhaus San Ansano vermieten Ferienwohnungen, 58045 Pari Grosseto. Kontakte","isPartOf":{"@id":"https:\/\/lecaldanelle.com\/#website"},"datePublished":"2019-03-06T16:55:30+00:00","dateModified":"2023-02-17T13:52:01+00:00","description":"Bauernhaus San Ansano vermieten Ferienwohnungen, 58045 Pari Grosseto. Kontakte","breadcrumb":{"@id":"https:\/\/lecaldanelle.com\/de\/kontakte\/#breadcrumb"},"inLanguage":"de","potentialAction":[{"@type":"ReadAction","target":["https:\/\/lecaldanelle.com\/de\/kontakte\/"]}]},{"@type":"BreadcrumbList","@id":"https:\/\/lecaldanelle.com\/de\/kontakte\/#breadcrumb","itemListElement":[{"@type":"ListItem","position":1,"name":"Home","item":"https:\/\/lecaldanelle.com\/de\/"},{"@type":"ListItem","position":2,"name":"Kontakte"}]},{"@type":"WebSite","@id":"https:\/\/lecaldanelle.com\/#website","url":"https:\/\/lecaldanelle.com\/","name":"Agriturismo Le Caldanelle","description":"Tuscan Farmhouse","potentialAction":[{"@type":"SearchAction","target":{"@type":"EntryPoint","urlTemplate":"https:\/\/lecaldanelle.com\/?s={search_term_string}"},"query-input":"required name=search_term_string"}],"inLanguage":"de"}]}},"_links":{"self":[{"href":"https:\/\/lecaldanelle.com\/de\/wp-json\/wp\/v2\/pages\/2928"}],"collection":[{"href":"https:\/\/lecaldanelle.com\/de\/wp-json\/wp\/v2\/pages"}],"about":[{"href":"https:\/\/lecaldanelle.com\/de\/wp-json\/wp\/v2\/types\/page"}],"author":[{"embeddable":true,"href":"https:\/\/lecaldanelle.com\/de\/wp-json\/wp\/v2\/users\/2"}],"replies":[{"embeddable":true,"href":"https:\/\/lecaldanelle.com\/de\/wp-json\/wp\/v2\/comments?post=2928"}],"version-history":[{"count":5,"href":"https:\/\/lecaldanelle.com\/de\/wp-json\/wp\/v2\/pages\/2928\/revisions"}],"predecessor-version":[{"id":3401,"href":"https:\/\/lecaldanelle.com\/de\/wp-json\/wp\/v2\/pages\/2928\/revisions\/3401"}],"wp:attachment":[{"href":"https:\/\/lecaldanelle.com\/de\/wp-json\/wp\/v2\/media?parent=2928"}],"curies":[{"name":"wp","href":"https:\/\/api.w.org\/{rel}","templated":true}]}}