{"id":2926,"date":"2019-03-06T16:43:08","date_gmt":"2019-03-06T16:43:08","guid":{"rendered":"https:\/\/lecaldanelle.com\/privacy-policy\/"},"modified":"2019-03-06T16:43:14","modified_gmt":"2019-03-06T16:43:14","slug":"privacy-policy","status":"publish","type":"page","link":"https:\/\/lecaldanelle.com\/de\/privacy-policy\/","title":{"rendered":"Privacy Policy"},"content":{"rendered":"\t\t<div data-elementor-type=\"wp-page\" data-elementor-id=\"2926\" class=\"elementor elementor-2926 elementor-1554 elementor-bc-flex-widget\">\n\t\t\t\t\t\t\t\t\t<section class=\"elementor-section elementor-top-section elementor-element elementor-element-2ecdd198 elementor-section-boxed elementor-section-height-default elementor-section-height-default\" data-id=\"2ecdd198\" data-element_type=\"section\">\n\t\t\t\t\t\t<div class=\"elementor-container elementor-column-gap-default\">\n\t\t\t\t\t<div class=\"elementor-column elementor-col-100 elementor-top-column elementor-element elementor-element-7230fb77\" data-id=\"7230fb77\" data-element_type=\"column\">\n\t\t\t<div class=\"elementor-widget-wrap elementor-element-populated\">\n\t\t\t\t\t\t\t\t<div class=\"elementor-element elementor-element-4e4fd7b1 elementor-widget elementor-widget-text-editor\" data-id=\"4e4fd7b1\" data-element_type=\"widget\" data-widget_type=\"text-editor.default\">\n\t\t\t\t<div class=\"elementor-widget-container\">\n\t\t\t\t\t\t\t<h2 class = \"text-center\"> Datenschutz und Datenverarbeitung <\/h2>\n<p> Auf dieser Seite wird beschrieben, wie die Website in Bezug auf die Verarbeitung personenbezogener Daten von Benutzern und Besuchern, die sie konsultieren, verwaltet wird.<br \/>\nDies ist eine Information, die auch gem\u00e4\u00df Art. 13 des Gesetzesdekrets 30. Juni 2003, n. 196 &#8222;Code zum Schutz personenbezogener Daten&#8220;, diejenigen, die mit den Web-Services der Agriturismo Le Caldanelle Podere San Ansano f\u00fcr den Schutz personenbezogener Daten interagieren, elektronisch zug\u00e4nglich von der Adresse:<br \/>\n<br \/>\n<a href=\"https:\/\/lecaldanelle.com\" target=\"_blank\">lecaldanelle.com<\/a><br \/>\n<br \/>\nentspricht der Homepage der offiziellen Website der Agriturismo Le Caldanelle Podere San Ansano.<br \/>\n<br \/>\nDie Informationen werden ausschlie\u00dflich f\u00fcr die von der Agriturismo Le Caldanelle Podere San Ansano verwaltete Website bereitgestellt und nicht f\u00fcr andere Websites, die f\u00fcr den Nutzer \u00fcber Links erreichbar sind.<br \/>\n<br \/>\nDie Information basiert auch auf der Empfehlung n. 2\/2001, dass die europ\u00e4ischen Beh\u00f6rden f\u00fcr den Schutz personenbezogener Daten, in der Gruppe von der Kunst eingerichtet gesammelt. 29 der Richtlinie n. 95\/46 \/ EG, angenommen am 17. Mai 2001, um einige Mindestanforderungen f\u00fcr die Online-Erfassung personenbezogener Daten festzulegen, insbesondere die Methoden, den Zeitplan und die Art der Informationen, die die f\u00fcr die Verarbeitung Verantwortlichen den Nutzern zur Verf\u00fcgung stellen m\u00fcssen wenn sie auf Webseiten verlinken, unabh\u00e4ngig vom Zweck des Links.<br \/>\n<br \/>\nDie Empfehlung und eine zusammenfassende Beschreibung ihrer Zwecke sind auf anderen Seiten dieser Website aufgef\u00fchrt. Benutzer \/ Besucher m\u00fcssen diese Datenschutzerkl\u00e4rung sorgf\u00e4ltig lesen, bevor sie irgendwelche pers\u00f6nlichen Informationen per E-Mail und \/ oder durch die Navigation selbst \u00fcbermitteln. <\/P><\/p>\n<h3> INHABER DER BEHANDLUNG <\/ h3><\/p>\n<p> Nach Konsultation dieser Website k\u00f6nnen Daten in Bezug auf identifizierte oder identifizierbare Personen verarbeitet werden. Der &#8222;Data Controller&#8220; der Datenverarbeitung ist <\/p>\n<p>\nLe Caldanelle Di Anna Bernabei <br \/>\nVia A. B. Crescenzi 7<br \/>\nsiena, 53100<br \/>\nSiena<br \/>\nItalia <br \/>\nP.I.: 00644530529<\/p>\n<h3> VERANTWORTLICH F\u00dcR BEHANDLUNG <\/h3>\n<p> Anna Bernabei ist verantwortlich f\u00fcr die Verarbeitung in \u00dcbereinstimmung mit Artikel 29 des Kodex in Bezug auf den Schutz personenbezogener Daten. <\/p>\n<h3> DATENVERARBEITUNGSPLATZ <\/h3>\n<p> Die Behandlungen im Zusammenhang mit den Web-Services dieser Website finden in der oben genannten Niederlassung statt und werden nur von Anna Bernabei durchgef\u00fchrt. Die von den Nutzern zur Verf\u00fcgung gestellten personenbezogenen Daten werden nur zur Erbringung der angeforderten Dienstleistung oder Bereitstellung verwendet und nur dann an Dritte weitergegeben, wenn dies zu diesem Zweck erforderlich ist. <\/p>\n<h3> ARTEN VON VERARBEITETEN DATEN <\/h3>\n<h4>COMMENTS<\/h4>\n<p>When visitors leave comments on the site, we collect the data displayed in the comments form and also the visitor&#8217;s IP address and the browser user&#8217;s string to help detect spam.<br \/>\nE-mail (also called hash) can be provided to the Gravatar service to see if you are doing it. Privacy information on the Gravatar service is available here: https:\/\/automattic.com\/privacy\/. After approving your comment, your profile picture is visible to the public in the context of your comment.<\/p>\n<h4> Daten durchsuchen <\/h4>\n<p> Die Computersysteme und Softwareprozeduren, die zum Betreiben dieser Website verwendet werden, erhalten w\u00e4hrend ihres normalen Betriebs einige Daten, deren \u00dcbertragung implizit bei der Verwendung von Internet-Kommunikationsprotokollen ist.<\/p>\n<p>Diese Informationen werden nicht gesammelt, um mit identifizierten interessierten Parteien in Verbindung gebracht zu werden, aber aufgrund ihrer Beschaffenheit k\u00f6nnten sie es Nutzern erm\u00f6glichen, durch Verarbeitung und Verkn\u00fcpfung mit Daten, die von Dritten gehalten werden, identifiziert zu werden. Zu dieser Datenkategorie geh\u00f6ren IP &#8211; Adressen oder Dom\u00e4nennamen der Computer, die von Benutzern verwendet werden, die mit der Site verbunden sind, die Adressen in der URI &#8211; Notation der angeforderten Ressourcen, der Zeitpunkt der Anforderung, die Methode zum \u00dcbermitteln der Anfrage an den Server, die Gr\u00f6\u00dfe der Datei, die als Antwort erhalten wird, wobei der numerische Code den Status der vom Server gegebenen Antwort (Erfolg, Fehler usw.) und andere Parameter in Bezug auf das Betriebssystem und die Computerumgebung des Benutzers angibt.<br \/>\nDiese Daten werden ausschlie\u00dflich zu dem Zweck verwendet, anonyme statistische Informationen \u00fcber die Nutzung der Website zu erhalten und deren korrekte Funktionsweise zu \u00fcberpr\u00fcfen. Sie werden sofort nach der Verarbeitung gel\u00f6scht.<br \/>Die fraglichen Daten k\u00f6nnten verwendet werden, um die Verantwortlichkeit im Falle von hypothetischen Computerverbrechen gegen unsere Website zu ermitteln: mit Ausnahme dieser M\u00f6glichkeit bestehen die Daten \u00fcber Webkontakte derzeit nicht l\u00e4nger als sieben Tage. <\/P><\/p>\n<h4> Freiwillig vom Benutzer bereitgestellte Daten <\/h4>\n<p> Der freiwillige, ausdr\u00fcckliche und freiwillige Versand von E-Mails an die auf dieser Website angegebenen Adressen beinhaltet naturgem\u00e4\u00df die nachfolgende Erfassung der Adresse des Absenders, die zur Beantwortung von Anfragen erforderlich ist, sowie alle anderen in der Nachricht enthaltenen personenbezogenen Daten.<br \/>\nWir laden unsere Nutzer in ihren Anfragen nach Dienstleistungen oder deren Anfragen dazu ein, keine Namen oder andere pers\u00f6nliche Daten von Dritten zu senden, die nicht unbedingt notwendig sind.<br \/>\nBestimmte zusammenfassende Informationen werden auf den Seiten der Website, die f\u00fcr bestimmte Dienste auf Anfrage vorbereitet wurden, nach und nach gemeldet oder angezeigt. <\/p>\n<h3> COOKIES <\/h3>\n<p>Datensammlungstools, die &#8222;Cookies&#8220;, JavaScript-Codes oder \u00e4hnliche Anwendungen genannt werden, k\u00f6nnen verwendet werden, um die Website w\u00e4hrend Ihres Besuchs auf der Website anhand von Daten zu analysieren.<br \/>\nUnsere Website verwendet Cookies, um Sie von anderen Nutzern unserer Website zu unterscheiden. Dies hilft uns, unsere Website besser zu surfen und verbessert sie weiter.<br \/>\nEin Cookie ist eine kleine Datei mit Buchstaben und Zahlen, die wir in Ihrem Browser oder auf der Festplatte Ihres Computers speichern, wenn Sie damit einverstanden sind. Cookies enthalten Informationen, die auf die Festplatte Ihres Computers \u00fcbertragen werden.<br \/>\n<br \/>\nWenn Sie auf unserer Website einen Kommentar hinterlassen, k\u00f6nnen Sie Ihren Namen, Ihre E-Mail-Adresse und Ihre Website in Cookies speichern. Sie dienen Ihrer Bequemlichkeit, so dass Sie Ihre Daten nicht erneut eingeben m\u00fcssen, wenn Sie einen weiteren Kommentar hinterlassen.<br \/>Diese Cookies bleiben f\u00fcr ein Jahr bestehen. Wenn Sie ein Konto haben und auf diese Website zugreifen, wird ein tempor\u00e4res Cookie gesetzt, um festzustellen, ob der Browser Cookies akzeptiert. Dieser Cookie enth\u00e4lt keine pers\u00f6nlichen Daten und wird gel\u00f6scht, wenn Sie den Browser schlie\u00dfen. <br \/> Wenn Sie sich anmelden, werden mehrere Cookies gesetzt, um Anmeldeinformationen und Bildschirmanzeigeoptionen zu speichern. Die Access-Cookies bleiben f\u00fcr zwei Tage und die Cookies der Optionen auf dem Bildschirm bleiben f\u00fcr ein Jahr. <br \/> Wenn Sie &#8222;Remember me&#8220; w\u00e4hlen, wird Ihr Login f\u00fcr zwei Wochen bestehen bleiben. Wenn Sie Ihr Konto verlassen, werden Zugriffs-Cookies entfernt. Wenn Sie einen Artikel bearbeiten oder ver\u00f6ffentlichen, wird ein zus\u00e4tzlicher Cookie in Ihrem Browser gespeichert. Dieser Cookie enth\u00e4lt keine pers\u00f6nlichen Daten und zeigt lediglich die Post-ID des gerade bearbeiteten Artikels an. L\u00e4uft nach 1 Tag ab.<br \/>\n<br \/>\nWir verwenden folgende Cookies:<br \/>\n<br \/>\n-Cookies unbedingt notwendig. Dies sind die Cookies, die f\u00fcr den Betrieb unserer Website notwendig sind. Dazu geh\u00f6ren beispielsweise Cookies, die den Zugriff auf gesch\u00fctzte Bereiche unserer Website erm\u00f6glichen<br \/>\n&#8211; Funktionskekse. Sie erm\u00f6glichen es der Website, in den verschiedenen Browsern, mit denen Sie sie \u00f6ffnen m\u00f6chten, ordnungsgem\u00e4\u00df zu funktionieren.<br \/>\n<br \/>\nThird-Party-Cookies sind auch die von Google.<br \/>\n<br \/>\nCookies k\u00f6nnen blockiert werden, indem die Einstellung im Browser aktiviert wird, mit der Sie die Einstellung aller oder einiger Cookies ablehnen k\u00f6nnen. Wenn Sie jedoch Ihre Browsereinstellungen verwenden, um alle Cookies (einschlie\u00dflich essentieller Cookies) zu blockieren, k\u00f6nnen Sie m\u00f6glicherweise nicht auf alle Bereiche der Website zugreifen.<\/p>\n<p><\/p>\n<p>Wir verwenden Cookies, um Inhalte und Anzeigen zu personalisieren, Funktionen f\u00fcr soziale Medien bereitzustellen und unseren Traffic zu analysieren. Wir geben auch Informationen dar\u00fcber, wie Sie unsere Website unseren Analyse-, Werbe- und Social-Media-Analysepartnern nutzen, die sie m\u00f6glicherweise mit anderen Informationen kombinieren, die Sie aufgrund Ihrer Nutzung ihrer Dienste bereitgestellt oder gesammelt haben.<br \/>\n<br \/>\nWir verwenden Cookies, um Inhalte und Anzeigen zu personalisieren, Funktionen f\u00fcr soziale Medien bereitzustellen und unseren Traffic zu analysieren. Wir geben auch Informationen dar\u00fcber, wie Sie unsere Website unseren Analyse-, Werbe- und Social-Media-Analysepartnern nutzen, die sie m\u00f6glicherweise mit anderen Informationen kombinieren, die Sie aufgrund Ihrer Nutzung ihrer Dienste bereitgestellt oder gesammelt haben.<\/p>\n<h3> Cookies von Drittanbietern <\/ h3><\/p>\n<h4> Google Analytics <\/ h4><br \/>\n<br \/>\nLe Caldanelles verwendet Google Analytics zur \u00dcberwachung der Zugriffe, Suchanfragen und Besuche dieser Website. Google Analytics speichert die IP-Adresse (anonym) auf ihren Servern in den USA, und weder The Streets noch Google verkn\u00fcpfen Ihre IP-Adresse mit personenbezogenen Daten<br \/>\n_ga <\/p>\n<p>    Dauer: 1 Jahr <br \/>\n    Beschreibung: Die JavaScript-Bibliothek analytics.js ist Teil von Universal Analytics und verwendet ein einzelnes Erstanbieter-Cookie, das eine anonyme Kennung zur Unterscheidung von Benutzern enth\u00e4lt. Diese Bibliothek setzt standardm\u00e4\u00dfig Cookies auf der Top-Level-Domain ohne den f\u00fchrenden Punkt und setzt den Cookie-Pfad auf die Root-Ebene (\/). <\/p>\n<p>Weitere Informationen zur Cookie-Richtlinie von Google finden Sie unter <a href=\"www.google.com\/intl\/de\/analytics\/privacyoverview.html\"> www.google.com\/intl\/de\/analytics\/privacyoverview.html<\/a > <\/p>\n<h4> Disqus <\/ h4><\/p>\n<p>__qca, mc, __utma, __utmb, __ utmc, __ utmz, UID, UIDR, disqus_unique, testCookie<\/p>\n<p>Wir nutzen das Disqus-Kommentierungssystem auf unseren Seiten, damit Sie Kommentare hinterlassen und Diskussionen zu den Themen auf unserer Website f\u00fchren k\u00f6nnen. <\/p>\n<p>Weitere Informationen zur Cookie-Richtlinie von Disqus finden Sie unter  <a href=\"https:\/\/help.disqus.com\/customer\/portal\/articles\/466235-use-of-cookies\">https:\/\/help.disqus.com\/customer\/portal\/articles\/466235-use-of-cookies<\/a><\/p>\n<h4> vimeo Cookies <\/h4>\n<p>Diese Website verwendet Vimeo zur Ver\u00f6ffentlichung und Einbettung von Video-Inhalten, die Eigentum von Le Caldanelle sind. Dies ist ein Webanalyse-Service von Vimeo, Inc. Weitere Informationen finden Sie unter <a href =\"https:\/\/vimeo.com\/cookie_policy\" target =\"_blank\"> https:\/\/vimeo.com\/cookie_policy <\/a> <br \/>\n<strong> Vimeo Cookie-Detail <\/ strong> <br \/>\n_utma <br \/>\n_utmb <br \/>\n_utmc <br \/>\n_utmt_player <br \/>\n_utmz <br \/>\nVuid <br \/>\n_abexps \n  <\/p>\n<h4> Google Maps <\/h4>\n<p>NID <br \/>\nPREF <br \/>\nkhcookie <br \/>\nMit diesen Cookies kann Google Maps sich merken, welchen Browser Sie verwenden und welche Einstellungen Sie beim Anzeigen von Karten vorgenommen haben. 6 Monate, 2 Jahre, wenn Sie den Browser schlie\u00dfen, respektieren Sie<\/p>\n<p><\/p>\n<h4> Cloudflare-Cookies <\/h4>\n<p>__cfuid <br \/>\nEs handelt sich um einen technischen, anonymen Cookie, der die Sicherheit bei der Verwendung des CloudFlare-Caching-Systems garantiert<\/p>\n<p><\/p>\n<h4>Google gstatic.com<\/h4>\n<p>CONSENT<br \/>\n\t<\/p>\n<p>NID<br \/>\n\t<\/p>\n<h3> OPTIONALIT\u00c4T DER DATENVERSORGUNG <\/h3>\n<p>Die \u00dcbermittlung ihrer pers\u00f6nlichen Daten durch den Benutzer f\u00fcr den Zugang zu bestimmten Diensten beinhaltet die Erfassung von pers\u00f6nlichen Daten. Diese Daten werden ausschlie\u00dflich zur Beantwortung der Anfrage oder zur Erbringung der Dienstleistung verarbeitet und nicht an Dritte weitergegeben, es sei denn, die Mitteilung ist gesetzlich vorgeschrieben oder zur Erf\u00fcllung von Anfragen unbedingt erforderlich.<br \/>\nDer Vollst\u00e4ndigkeit halber sei darauf hingewiesen, dass die Beh\u00f6rde in einigen F\u00e4llen (die nicht der gew\u00f6hnlichen Verwaltung dieser Website unterliegen) Nachrichten und Informationen gem\u00e4\u00df Artikel 157 des gesetzesvertretenden Dekrets Nr. 196\/2003, zur \u00dcberwachung der Verarbeitung personenbezogener Daten. In diesen F\u00e4llen ist die Antwort unter Androhung von Verwaltungssanktionen obligatorisch.<\/p>\n<h3> ANALYTIK <\/h3>\n<p>Statistische Daten werden \u00fcber Google Analytics gesammelt<\/p>\n<h3> VERARBEITUNGSMETHODEN <\/h3>\n<p>Pers\u00f6nliche Daten werden in Papierform und \/ oder mit automatisierten Tools f\u00fcr die Zeit verarbeitet, die unbedingt erforderlich ist, um die Zwecke zu erreichen, f\u00fcr die sie erhoben wurden. Spezifische Sicherheitsma\u00dfnahmen werden beachtet, um Datenverlust, unerlaubte oder falsche Verwendung und unbefugten Zugriff zu verhindern.<\/p>\n<h3> WIE WIR IHRE DATEN SCH\u00dcTZEN <\/h3>\n<p>Um Benutzerdaten zu sch\u00fctzen, verwenden wir ein SSL-Zertifikat (Secure Sockets Layer).<br \/>\nDie SSL (Secure Socket Layer) -Technologie wird verwendet, um den Datenaustausch \u00fcber das Internet zu sichern: Dieses System verschl\u00fcsselt und sch\u00fctzt Daten, die \u00fcber das HTTPS-Protokoll \u00fcbertragen werden. Dar\u00fcber hinaus wird ein Wp-Simple-Firewall-Plug zum Schutz der Website verwendet.<\/p>\n<h3> RECHTE DER INTERESSIERTEN <\/h3>\n<p>Wenn Sie ein Konto auf dieser Website haben oder Kommentare hinterlassen haben, k\u00f6nnen Sie eine von der Website exportierte Datei mit den personenbezogenen Daten anfordern, die wir \u00fcber Sie gespeichert haben, einschlie\u00dflich der von Ihnen bereitgestellten Daten. Sie k\u00f6nnen auch verlangen, dass wir alle personenbezogenen Daten, die Sie betreffen, l\u00f6schen. Dazu geh\u00f6ren nicht Daten, die wir aus administrativen, rechtlichen oder Sicherheitsgr\u00fcnden speichern m\u00fcssen. <br \/>\nDie Subjekte, auf die sich die personenbezogenen Daten beziehen, haben jederzeit das Recht, eine Best\u00e4tigung \u00fcber das Vorhandensein oder Nichtvorhandensein der gleichen Daten zu erhalten und ihren Inhalt und Ursprung zu kennen, ihre Richtigkeit zu \u00fcberpr\u00fcfen oder ihre Integration oder Aktualisierung oder Berichtigung anzufordern (Artikel 7 von der Kodex zum Schutz personenbezogener Daten). <br \/>\nNach demselben Artikel haben sie auch das Recht, die L\u00f6schung, die Umwandlung in anonyme Form oder die Sperrung von Daten zu verlangen, die unter Versto\u00df gegen das Gesetz verarbeitet wurden, sowie sich in jedem Fall aus legitimen Gr\u00fcnden ihrer Behandlung zu widersetzen.<br \/>\n<br \/>\nAnfragen sollten gesendet werden:<\/p>\n<p><P> &#8211; per E-Mail an: <a href=\"mailto:annabernabei33@gmail.com\"> annabernabei33@gmail.com <\/a> <\/p>\n<h3>Cookie List<\/h3>\n<p><script id=\"CookieDeclaration\" src=\"https:\/\/consent.cookiebot.com\/89295aa3-249f-4086-955b-ce33590eaa4e\/cd.js\" type=\"text\/javascript\" async><\/script><\/p>\n\t\t\t\t\t\t<\/div>\n\t\t\t\t<\/div>\n\t\t\t\t\t<\/div>\n\t\t<\/div>\n\t\t\t\t\t\t\t<\/div>\n\t\t<\/section>\n\t\t\t\t\t\t\t<\/div>\n\t\t","protected":false},"excerpt":{"rendered":"<p>Datenschutz und Datenverarbeitung Auf dieser Seite wird beschrieben, wie die Website in Bezug auf die Verarbeitung personenbezogener Daten von Benutzern und Besuchern, die sie konsultieren, verwaltet wird. Dies ist eine Information, die auch gem\u00e4\u00df Art. 13 des Gesetzesdekrets 30. Juni 2003, n. 196 &#8222;Code zum Schutz personenbezogener Daten&#8220;, diejenigen, die mit den Web-Services der Agriturismo [&hellip;]<\/p>\n","protected":false},"author":2,"featured_media":0,"parent":0,"menu_order":0,"comment_status":"closed","ping_status":"open","template":"elementor_header_footer","meta":[],"yoast_head":"<!-- This site is optimized with the Yoast SEO plugin v21.8.1 - https:\/\/yoast.com\/wordpress\/plugins\/seo\/ -->\n<title>Privacy Policy - Agriturismo Le Caldanelle<\/title>\n<meta name=\"robots\" content=\"index, follow, max-snippet:-1, max-image-preview:large, max-video-preview:-1\" \/>\n<link rel=\"canonical\" href=\"https:\/\/lecaldanelle.com\/de\/privacy-policy\/\" \/>\n<meta property=\"og:locale\" content=\"de_DE\" \/>\n<meta property=\"og:type\" content=\"article\" \/>\n<meta property=\"og:title\" content=\"Privacy Policy - Agriturismo Le Caldanelle\" \/>\n<meta property=\"og:description\" content=\"Datenschutz und Datenverarbeitung Auf dieser Seite wird beschrieben, wie die Website in Bezug auf die Verarbeitung personenbezogener Daten von Benutzern und Besuchern, die sie konsultieren, verwaltet wird. Dies ist eine Information, die auch gem\u00e4\u00df Art. 13 des Gesetzesdekrets 30. Juni 2003, n. 196 &#8222;Code zum Schutz personenbezogener Daten&#8220;, diejenigen, die mit den Web-Services der Agriturismo [&hellip;]\" \/>\n<meta property=\"og:url\" content=\"https:\/\/lecaldanelle.com\/de\/privacy-policy\/\" \/>\n<meta property=\"og:site_name\" content=\"Agriturismo Le Caldanelle\" \/>\n<meta property=\"article:modified_time\" content=\"2019-03-06T16:43:14+00:00\" \/>\n<meta name=\"twitter:card\" content=\"summary_large_image\" \/>\n<meta name=\"twitter:label1\" content=\"Gesch\u00e4tzte Lesezeit\" \/>\n\t<meta name=\"twitter:data1\" content=\"10\u00a0Minuten\" \/>\n<script type=\"application\/ld+json\" class=\"yoast-schema-graph\">{\"@context\":\"https:\/\/schema.org\",\"@graph\":[{\"@type\":\"WebPage\",\"@id\":\"https:\/\/lecaldanelle.com\/de\/privacy-policy\/\",\"url\":\"https:\/\/lecaldanelle.com\/de\/privacy-policy\/\",\"name\":\"Privacy Policy - Agriturismo Le Caldanelle\",\"isPartOf\":{\"@id\":\"https:\/\/lecaldanelle.com\/#website\"},\"datePublished\":\"2019-03-06T16:43:08+00:00\",\"dateModified\":\"2019-03-06T16:43:14+00:00\",\"breadcrumb\":{\"@id\":\"https:\/\/lecaldanelle.com\/de\/privacy-policy\/#breadcrumb\"},\"inLanguage\":\"de\",\"potentialAction\":[{\"@type\":\"ReadAction\",\"target\":[\"https:\/\/lecaldanelle.com\/de\/privacy-policy\/\"]}]},{\"@type\":\"BreadcrumbList\",\"@id\":\"https:\/\/lecaldanelle.com\/de\/privacy-policy\/#breadcrumb\",\"itemListElement\":[{\"@type\":\"ListItem\",\"position\":1,\"name\":\"Home\",\"item\":\"https:\/\/lecaldanelle.com\/de\/\"},{\"@type\":\"ListItem\",\"position\":2,\"name\":\"Privacy Policy\"}]},{\"@type\":\"WebSite\",\"@id\":\"https:\/\/lecaldanelle.com\/#website\",\"url\":\"https:\/\/lecaldanelle.com\/\",\"name\":\"Agriturismo Le Caldanelle\",\"description\":\"Tuscan Farmhouse\",\"potentialAction\":[{\"@type\":\"SearchAction\",\"target\":{\"@type\":\"EntryPoint\",\"urlTemplate\":\"https:\/\/lecaldanelle.com\/?s={search_term_string}\"},\"query-input\":\"required name=search_term_string\"}],\"inLanguage\":\"de\"}]}<\/script>\n<!-- \/ Yoast SEO plugin. -->","yoast_head_json":{"title":"Privacy Policy - Agriturismo Le Caldanelle","robots":{"index":"index","follow":"follow","max-snippet":"max-snippet:-1","max-image-preview":"max-image-preview:large","max-video-preview":"max-video-preview:-1"},"canonical":"https:\/\/lecaldanelle.com\/de\/privacy-policy\/","og_locale":"de_DE","og_type":"article","og_title":"Privacy Policy - Agriturismo Le Caldanelle","og_description":"Datenschutz und Datenverarbeitung Auf dieser Seite wird beschrieben, wie die Website in Bezug auf die Verarbeitung personenbezogener Daten von Benutzern und Besuchern, die sie konsultieren, verwaltet wird. Dies ist eine Information, die auch gem\u00e4\u00df Art. 13 des Gesetzesdekrets 30. Juni 2003, n. 196 &#8222;Code zum Schutz personenbezogener Daten&#8220;, diejenigen, die mit den Web-Services der Agriturismo [&hellip;]","og_url":"https:\/\/lecaldanelle.com\/de\/privacy-policy\/","og_site_name":"Agriturismo Le Caldanelle","article_modified_time":"2019-03-06T16:43:14+00:00","twitter_card":"summary_large_image","twitter_misc":{"Gesch\u00e4tzte Lesezeit":"10\u00a0Minuten"},"schema":{"@context":"https:\/\/schema.org","@graph":[{"@type":"WebPage","@id":"https:\/\/lecaldanelle.com\/de\/privacy-policy\/","url":"https:\/\/lecaldanelle.com\/de\/privacy-policy\/","name":"Privacy Policy - Agriturismo Le Caldanelle","isPartOf":{"@id":"https:\/\/lecaldanelle.com\/#website"},"datePublished":"2019-03-06T16:43:08+00:00","dateModified":"2019-03-06T16:43:14+00:00","breadcrumb":{"@id":"https:\/\/lecaldanelle.com\/de\/privacy-policy\/#breadcrumb"},"inLanguage":"de","potentialAction":[{"@type":"ReadAction","target":["https:\/\/lecaldanelle.com\/de\/privacy-policy\/"]}]},{"@type":"BreadcrumbList","@id":"https:\/\/lecaldanelle.com\/de\/privacy-policy\/#breadcrumb","itemListElement":[{"@type":"ListItem","position":1,"name":"Home","item":"https:\/\/lecaldanelle.com\/de\/"},{"@type":"ListItem","position":2,"name":"Privacy Policy"}]},{"@type":"WebSite","@id":"https:\/\/lecaldanelle.com\/#website","url":"https:\/\/lecaldanelle.com\/","name":"Agriturismo Le Caldanelle","description":"Tuscan Farmhouse","potentialAction":[{"@type":"SearchAction","target":{"@type":"EntryPoint","urlTemplate":"https:\/\/lecaldanelle.com\/?s={search_term_string}"},"query-input":"required name=search_term_string"}],"inLanguage":"de"}]}},"_links":{"self":[{"href":"https:\/\/lecaldanelle.com\/de\/wp-json\/wp\/v2\/pages\/2926"}],"collection":[{"href":"https:\/\/lecaldanelle.com\/de\/wp-json\/wp\/v2\/pages"}],"about":[{"href":"https:\/\/lecaldanelle.com\/de\/wp-json\/wp\/v2\/types\/page"}],"author":[{"embeddable":true,"href":"https:\/\/lecaldanelle.com\/de\/wp-json\/wp\/v2\/users\/2"}],"replies":[{"embeddable":true,"href":"https:\/\/lecaldanelle.com\/de\/wp-json\/wp\/v2\/comments?post=2926"}],"version-history":[{"count":0,"href":"https:\/\/lecaldanelle.com\/de\/wp-json\/wp\/v2\/pages\/2926\/revisions"}],"wp:attachment":[{"href":"https:\/\/lecaldanelle.com\/de\/wp-json\/wp\/v2\/media?parent=2926"}],"curies":[{"name":"wp","href":"https:\/\/api.w.org\/{rel}","templated":true}]}}