{"id":2921,"date":"2019-03-06T16:28:43","date_gmt":"2019-03-06T16:28:43","guid":{"rendered":"https:\/\/lecaldanelle.com\/erleben-sie-die-toskana\/"},"modified":"2019-03-07T09:49:09","modified_gmt":"2019-03-07T09:49:09","slug":"erleben-sie-die-toskana","status":"publish","type":"page","link":"https:\/\/lecaldanelle.com\/de\/erleben-sie-die-toskana\/","title":{"rendered":"Erleben Sie die Toskana"},"content":{"rendered":"\t\t<div data-elementor-type=\"wp-post\" data-elementor-id=\"2921\" class=\"elementor elementor-2921 elementor-1158 elementor-bc-flex-widget\">\n\t\t\t\t\t\t\t\t\t<section class=\"elementor-section elementor-top-section elementor-element elementor-element-68e7d43 elementor-section-full_width elementor-section-height-default elementor-section-height-default\" data-id=\"68e7d43\" data-element_type=\"section\" data-settings=\"{&quot;background_background&quot;:&quot;classic&quot;}\">\n\t\t\t\t\t\t<div class=\"elementor-container elementor-column-gap-default\">\n\t\t\t\t\t<div class=\"elementor-column elementor-col-100 elementor-top-column elementor-element elementor-element-84ed82e\" data-id=\"84ed82e\" data-element_type=\"column\">\n\t\t\t<div class=\"elementor-widget-wrap elementor-element-populated\">\n\t\t\t\t\t\t\t\t<div class=\"elementor-element elementor-element-a3d78a9 elementor-widget elementor-widget-heading\" data-id=\"a3d78a9\" data-element_type=\"widget\" data-widget_type=\"heading.default\">\n\t\t\t\t<div class=\"elementor-widget-container\">\n\t\t\t<h1 class=\"elementor-heading-title elementor-size-large\">Kontacte<\/h1>\t\t<\/div>\n\t\t\t\t<\/div>\n\t\t\t\t\t<\/div>\n\t\t<\/div>\n\t\t\t\t\t\t\t<\/div>\n\t\t<\/section>\n\t\t\t\t<section class=\"elementor-section elementor-top-section elementor-element elementor-element-bd0ae95 elementor-section-full_width elementor-section-height-default elementor-section-height-default\" data-id=\"bd0ae95\" data-element_type=\"section\">\n\t\t\t\t\t\t<div class=\"elementor-container elementor-column-gap-default\">\n\t\t\t\t\t<div class=\"elementor-column elementor-col-100 elementor-top-column elementor-element elementor-element-ea96aa1\" data-id=\"ea96aa1\" data-element_type=\"column\">\n\t\t\t<div class=\"elementor-widget-wrap\">\n\t\t\t\t\t\t\t\t\t<\/div>\n\t\t<\/div>\n\t\t\t\t\t\t\t<\/div>\n\t\t<\/section>\n\t\t\t\t<section class=\"elementor-section elementor-top-section elementor-element elementor-element-5ee2a27 elementor-section-full_width elementor-section-height-default elementor-section-height-default\" data-id=\"5ee2a27\" data-element_type=\"section\">\n\t\t\t\t\t\t<div class=\"elementor-container elementor-column-gap-default\">\n\t\t\t\t\t<div class=\"elementor-column elementor-col-100 elementor-top-column elementor-element elementor-element-14fd9a6\" data-id=\"14fd9a6\" data-element_type=\"column\">\n\t\t\t<div class=\"elementor-widget-wrap\">\n\t\t\t\t\t\t\t\t\t<\/div>\n\t\t<\/div>\n\t\t\t\t\t\t\t<\/div>\n\t\t<\/section>\n\t\t\t\t<section class=\"elementor-section elementor-top-section elementor-element elementor-element-5aab160 elementor-section-full_width elementor-section-height-default elementor-section-height-default\" data-id=\"5aab160\" data-element_type=\"section\">\n\t\t\t\t\t\t<div class=\"elementor-container elementor-column-gap-default\">\n\t\t\t\t\t<div class=\"elementor-column elementor-col-100 elementor-top-column elementor-element elementor-element-06eade4\" data-id=\"06eade4\" data-element_type=\"column\">\n\t\t\t<div class=\"elementor-widget-wrap\">\n\t\t\t\t\t\t\t\t\t<\/div>\n\t\t<\/div>\n\t\t\t\t\t\t\t<\/div>\n\t\t<\/section>\n\t\t\t\t\t\t\t<\/div>\n\t\t","protected":false},"excerpt":{"rendered":"<p>Stadtf\u00fchrungen Claudia, Annas Tochter, mit einem BA-Abschluss in Kunstgeschichte an der Universit\u00e4t von Siena, hat im Jahre 2016 die Lizenz als Stadtf\u00fchrer von Siena und seiner Provinz erhalten. Mit Freude zeigt sie Besuchern ihre Heimatstadt Siena und hilft ihnen versteckte Sch\u00e4tze der Stadt zu entdecken. Sie kann Euch eine klassische Tour der Stadt vorschlagen in [&hellip;]<\/p>\n","protected":false},"author":2,"featured_media":2476,"parent":0,"menu_order":0,"comment_status":"closed","ping_status":"closed","template":"elementor_header_footer","meta":[],"yoast_head":"<!-- This site is optimized with the Yoast SEO plugin v21.8.1 - https:\/\/yoast.com\/wordpress\/plugins\/seo\/ -->\n<title>Erleben Sie die Toskana - Bauernhaus Le Caldanelle<\/title>\n<meta name=\"description\" content=\"Erleben Sie die Toskana: Aktivit\u00e4ten und Sehensw\u00fcrdigkeiten - Gef\u00fchrte Touren in der Toskana, Kochkurs, Brunello-Weintour - Palio-Tickets.\" \/>\n<meta name=\"robots\" content=\"index, follow, max-snippet:-1, max-image-preview:large, max-video-preview:-1\" \/>\n<link rel=\"canonical\" href=\"https:\/\/lecaldanelle.com\/de\/erleben-sie-die-toskana\/\" \/>\n<meta property=\"og:locale\" content=\"de_DE\" \/>\n<meta property=\"og:type\" content=\"article\" \/>\n<meta property=\"og:title\" content=\"Erleben Sie die Toskana - Bauernhaus Le Caldanelle\" \/>\n<meta property=\"og:description\" content=\"Erleben Sie die Toskana: Aktivit\u00e4ten und Sehensw\u00fcrdigkeiten - Gef\u00fchrte Touren in der Toskana, Kochkurs, Brunello-Weintour - Palio-Tickets.\" \/>\n<meta property=\"og:url\" content=\"https:\/\/lecaldanelle.com\/de\/erleben-sie-die-toskana\/\" \/>\n<meta property=\"og:site_name\" content=\"Agriturismo Le Caldanelle\" \/>\n<meta property=\"article:modified_time\" content=\"2019-03-07T09:49:09+00:00\" \/>\n<meta property=\"og:image\" content=\"https:\/\/lecaldanelle.com\/wp-content\/uploads\/2019\/02\/experience-tuscany.jpg\" \/>\n\t<meta property=\"og:image:width\" content=\"842\" \/>\n\t<meta property=\"og:image:height\" content=\"423\" \/>\n\t<meta property=\"og:image:type\" content=\"image\/jpeg\" \/>\n<meta name=\"twitter:card\" content=\"summary_large_image\" \/>\n<meta name=\"twitter:label1\" content=\"Gesch\u00e4tzte Lesezeit\" \/>\n\t<meta name=\"twitter:data1\" content=\"4\u00a0Minuten\" \/>\n<script type=\"application\/ld+json\" class=\"yoast-schema-graph\">{\"@context\":\"https:\/\/schema.org\",\"@graph\":[{\"@type\":\"WebPage\",\"@id\":\"https:\/\/lecaldanelle.com\/de\/erleben-sie-die-toskana\/\",\"url\":\"https:\/\/lecaldanelle.com\/de\/erleben-sie-die-toskana\/\",\"name\":\"Erleben Sie die Toskana - Bauernhaus Le Caldanelle\",\"isPartOf\":{\"@id\":\"https:\/\/lecaldanelle.com\/#website\"},\"datePublished\":\"2019-03-06T16:28:43+00:00\",\"dateModified\":\"2019-03-07T09:49:09+00:00\",\"description\":\"Erleben Sie die Toskana: Aktivit\u00e4ten und Sehensw\u00fcrdigkeiten - Gef\u00fchrte Touren in der Toskana, Kochkurs, Brunello-Weintour - Palio-Tickets.\",\"breadcrumb\":{\"@id\":\"https:\/\/lecaldanelle.com\/de\/erleben-sie-die-toskana\/#breadcrumb\"},\"inLanguage\":\"de\",\"potentialAction\":[{\"@type\":\"ReadAction\",\"target\":[\"https:\/\/lecaldanelle.com\/de\/erleben-sie-die-toskana\/\"]}]},{\"@type\":\"BreadcrumbList\",\"@id\":\"https:\/\/lecaldanelle.com\/de\/erleben-sie-die-toskana\/#breadcrumb\",\"itemListElement\":[{\"@type\":\"ListItem\",\"position\":1,\"name\":\"Home\",\"item\":\"https:\/\/lecaldanelle.com\/de\/\"},{\"@type\":\"ListItem\",\"position\":2,\"name\":\"Erleben Sie die Toskana\"}]},{\"@type\":\"WebSite\",\"@id\":\"https:\/\/lecaldanelle.com\/#website\",\"url\":\"https:\/\/lecaldanelle.com\/\",\"name\":\"Agriturismo Le Caldanelle\",\"description\":\"Tuscan Farmhouse\",\"potentialAction\":[{\"@type\":\"SearchAction\",\"target\":{\"@type\":\"EntryPoint\",\"urlTemplate\":\"https:\/\/lecaldanelle.com\/?s={search_term_string}\"},\"query-input\":\"required name=search_term_string\"}],\"inLanguage\":\"de\"}]}<\/script>\n<!-- \/ Yoast SEO plugin. -->","yoast_head_json":{"title":"Erleben Sie die Toskana - Bauernhaus Le Caldanelle","description":"Erleben Sie die Toskana: Aktivit\u00e4ten und Sehensw\u00fcrdigkeiten - Gef\u00fchrte Touren in der Toskana, Kochkurs, Brunello-Weintour - Palio-Tickets.","robots":{"index":"index","follow":"follow","max-snippet":"max-snippet:-1","max-image-preview":"max-image-preview:large","max-video-preview":"max-video-preview:-1"},"canonical":"https:\/\/lecaldanelle.com\/de\/erleben-sie-die-toskana\/","og_locale":"de_DE","og_type":"article","og_title":"Erleben Sie die Toskana - Bauernhaus Le Caldanelle","og_description":"Erleben Sie die Toskana: Aktivit\u00e4ten und Sehensw\u00fcrdigkeiten - Gef\u00fchrte Touren in der Toskana, Kochkurs, Brunello-Weintour - Palio-Tickets.","og_url":"https:\/\/lecaldanelle.com\/de\/erleben-sie-die-toskana\/","og_site_name":"Agriturismo Le Caldanelle","article_modified_time":"2019-03-07T09:49:09+00:00","og_image":[{"width":842,"height":423,"url":"https:\/\/lecaldanelle.com\/wp-content\/uploads\/2019\/02\/experience-tuscany.jpg","type":"image\/jpeg"}],"twitter_card":"summary_large_image","twitter_misc":{"Gesch\u00e4tzte Lesezeit":"4\u00a0Minuten"},"schema":{"@context":"https:\/\/schema.org","@graph":[{"@type":"WebPage","@id":"https:\/\/lecaldanelle.com\/de\/erleben-sie-die-toskana\/","url":"https:\/\/lecaldanelle.com\/de\/erleben-sie-die-toskana\/","name":"Erleben Sie die Toskana - Bauernhaus Le Caldanelle","isPartOf":{"@id":"https:\/\/lecaldanelle.com\/#website"},"datePublished":"2019-03-06T16:28:43+00:00","dateModified":"2019-03-07T09:49:09+00:00","description":"Erleben Sie die Toskana: Aktivit\u00e4ten und Sehensw\u00fcrdigkeiten - Gef\u00fchrte Touren in der Toskana, Kochkurs, Brunello-Weintour - Palio-Tickets.","breadcrumb":{"@id":"https:\/\/lecaldanelle.com\/de\/erleben-sie-die-toskana\/#breadcrumb"},"inLanguage":"de","potentialAction":[{"@type":"ReadAction","target":["https:\/\/lecaldanelle.com\/de\/erleben-sie-die-toskana\/"]}]},{"@type":"BreadcrumbList","@id":"https:\/\/lecaldanelle.com\/de\/erleben-sie-die-toskana\/#breadcrumb","itemListElement":[{"@type":"ListItem","position":1,"name":"Home","item":"https:\/\/lecaldanelle.com\/de\/"},{"@type":"ListItem","position":2,"name":"Erleben Sie die Toskana"}]},{"@type":"WebSite","@id":"https:\/\/lecaldanelle.com\/#website","url":"https:\/\/lecaldanelle.com\/","name":"Agriturismo Le Caldanelle","description":"Tuscan Farmhouse","potentialAction":[{"@type":"SearchAction","target":{"@type":"EntryPoint","urlTemplate":"https:\/\/lecaldanelle.com\/?s={search_term_string}"},"query-input":"required name=search_term_string"}],"inLanguage":"de"}]}},"_links":{"self":[{"href":"https:\/\/lecaldanelle.com\/de\/wp-json\/wp\/v2\/pages\/2921"}],"collection":[{"href":"https:\/\/lecaldanelle.com\/de\/wp-json\/wp\/v2\/pages"}],"about":[{"href":"https:\/\/lecaldanelle.com\/de\/wp-json\/wp\/v2\/types\/page"}],"author":[{"embeddable":true,"href":"https:\/\/lecaldanelle.com\/de\/wp-json\/wp\/v2\/users\/2"}],"replies":[{"embeddable":true,"href":"https:\/\/lecaldanelle.com\/de\/wp-json\/wp\/v2\/comments?post=2921"}],"version-history":[{"count":0,"href":"https:\/\/lecaldanelle.com\/de\/wp-json\/wp\/v2\/pages\/2921\/revisions"}],"wp:featuredmedia":[{"embeddable":true,"href":"https:\/\/lecaldanelle.com\/de\/wp-json\/wp\/v2\/media\/2476"}],"wp:attachment":[{"href":"https:\/\/lecaldanelle.com\/de\/wp-json\/wp\/v2\/media?parent=2921"}],"curies":[{"name":"wp","href":"https:\/\/api.w.org\/{rel}","templated":true}]}}