{"id":2917,"date":"2019-03-06T16:19:25","date_gmt":"2019-03-06T16:19:25","guid":{"rendered":"https:\/\/lecaldanelle.com\/hochzeiten\/"},"modified":"2019-03-06T16:30:47","modified_gmt":"2019-03-06T16:30:47","slug":"hochzeiten","status":"publish","type":"page","link":"https:\/\/lecaldanelle.com\/de\/hochzeiten\/","title":{"rendered":"Hochzeiten"},"content":{"rendered":"\t\t<div data-elementor-type=\"wp-post\" data-elementor-id=\"2917\" class=\"elementor elementor-2917 elementor-1340 elementor-bc-flex-widget\">\n\t\t\t\t\t\t\t\t\t<section class=\"elementor-section elementor-top-section elementor-element elementor-element-4436df4 elementor-section-full_width elementor-section-height-default elementor-section-height-default\" data-id=\"4436df4\" data-element_type=\"section\" data-settings=\"{&quot;background_background&quot;:&quot;classic&quot;}\">\n\t\t\t\t\t\t<div class=\"elementor-container elementor-column-gap-default\">\n\t\t\t\t\t<div class=\"elementor-column elementor-col-100 elementor-top-column elementor-element elementor-element-109f509\" data-id=\"109f509\" data-element_type=\"column\">\n\t\t\t<div class=\"elementor-widget-wrap elementor-element-populated\">\n\t\t\t\t\t\t\t\t<div class=\"elementor-element elementor-element-9e194b9 elementor-widget elementor-widget-heading\" data-id=\"9e194b9\" data-element_type=\"widget\" data-widget_type=\"heading.default\">\n\t\t\t\t<div class=\"elementor-widget-container\">\n\t\t\t<h1 class=\"elementor-heading-title elementor-size-large\">Kontacte<\/h1>\t\t<\/div>\n\t\t\t\t<\/div>\n\t\t\t\t\t<\/div>\n\t\t<\/div>\n\t\t\t\t\t\t\t<\/div>\n\t\t<\/section>\n\t\t\t\t<section class=\"elementor-section elementor-top-section elementor-element elementor-element-550d02c elementor-section-full_width elementor-section-height-default elementor-section-height-default\" data-id=\"550d02c\" data-element_type=\"section\">\n\t\t\t\t\t\t<div class=\"elementor-container elementor-column-gap-default\">\n\t\t\t\t\t<div class=\"elementor-column elementor-col-100 elementor-top-column elementor-element elementor-element-addd224\" data-id=\"addd224\" data-element_type=\"column\" data-settings=\"{&quot;background_background&quot;:&quot;classic&quot;}\">\n\t\t\t<div class=\"elementor-widget-wrap elementor-element-populated\">\n\t\t\t\t\t\t\t\t<div class=\"elementor-element elementor-element-c7faaed elementor-widget elementor-widget-heading\" data-id=\"c7faaed\" data-element_type=\"widget\" data-widget_type=\"heading.default\">\n\t\t\t\t<div class=\"elementor-widget-container\">\n\t\t\t<h1 class=\"elementor-heading-title elementor-size-default\">Der perfekte Ort f\u00fcr Ihren besonderen Tag<\/h1>\t\t<\/div>\n\t\t\t\t<\/div>\n\t\t\t\t<div class=\"elementor-element elementor-element-4a03b59 elementor-widget-divider--view-line elementor-widget elementor-widget-divider\" data-id=\"4a03b59\" data-element_type=\"widget\" data-widget_type=\"divider.default\">\n\t\t\t\t<div class=\"elementor-widget-container\">\n\t\t\t\t\t<div class=\"elementor-divider\">\n\t\t\t<span class=\"elementor-divider-separator\">\n\t\t\t\t\t\t<\/span>\n\t\t<\/div>\n\t\t\t\t<\/div>\n\t\t\t\t<\/div>\n\t\t\t\t<section class=\"elementor-section elementor-inner-section elementor-element elementor-element-876c6e4 elementor-section-full_width elementor-section-height-default elementor-section-height-default\" data-id=\"876c6e4\" data-element_type=\"section\" data-settings=\"{&quot;background_background&quot;:&quot;classic&quot;}\">\n\t\t\t\t\t\t<div class=\"elementor-container elementor-column-gap-default\">\n\t\t\t\t\t<div class=\"elementor-column elementor-col-50 elementor-inner-column elementor-element elementor-element-00546c2\" data-id=\"00546c2\" data-element_type=\"column\">\n\t\t\t<div class=\"elementor-widget-wrap elementor-element-populated\">\n\t\t\t\t\t\t\t\t<div class=\"elementor-element elementor-element-a08861e elementor-widget elementor-widget-text-editor\" data-id=\"a08861e\" data-element_type=\"widget\" data-widget_type=\"text-editor.default\">\n\t\t\t\t<div class=\"elementor-widget-container\">\n\t\t\t\t\t\t\t<p>Nach dem Sie durch unsere Baumallee gefahren und in unserem Gut angekommen sind, werden Sie gleich von der unber\u00fchrten Natur, die ihnen die toskanische Maremma bietet, beeindruckt sein. Hier k\u00f6nnen Sie die Landschaft in Ruhe mit Ihren Freunden oder Verwandten genie\u00dfen. Sobald Sie um das Gut herum gehen, gelangen Sie zu unserem eindrucksvollen Aussichtspunkt mit Pool, von wo aus Sie einen atemberaubenden Blick zum Tal des Flusses \u201eFarma\u201c und zum mittelalterlichen Bergdorf \u201ePari\u201c haben. Dabei werden Sie vom Duft unseres Lavendels, von der Ruhe der Natur und den typischen Farben der Landschaft, umh\u00fcllt.<br \/>\nSie werden merken, dass der weitr\u00e4umige Garten und der Hof wirklich ein perfekter Ort ist, um Hochzeiten im rustikalen oder Country-chic Stil der Toskana zu feiern. Dank dieser Voraussetzungen haben wir entschieden, dieses Agriturismo nicht nur f\u00fcr \u00dcbernachtungen zur Verf\u00fcgung stellen, sondern auch f\u00fcr Hochzeiten oder private Events.<\/p>\n\t\t\t\t\t\t<\/div>\n\t\t\t\t<\/div>\n\t\t\t\t\t<\/div>\n\t\t<\/div>\n\t\t\t\t<div class=\"elementor-column elementor-col-50 elementor-inner-column elementor-element elementor-element-751d0ad\" data-id=\"751d0ad\" data-element_type=\"column\">\n\t\t\t<div class=\"elementor-widget-wrap elementor-element-populated\">\n\t\t\t\t\t\t\t\t<div class=\"elementor-element elementor-element-786c027 elementor-widget elementor-widget-text-editor\" data-id=\"786c027\" data-element_type=\"widget\" data-widget_type=\"text-editor.default\">\n\t\t\t\t<div class=\"elementor-widget-container\">\n\t\t\t\t\t\t\t<p><b>Mehr Details<\/b><\/p><p><span style=\"text-decoration: underline;\">Kapazit\u00e4t:<\/span><br \/>Maximale Kapazit\u00e4t im Freien:<br \/><em>100 Menschen<\/em>.<\/p><p><span style=\"text-decoration: underline;\">Drau\u00dfen:<\/span><br \/><em>Hof, gro\u00dfer Garten mit Grill, Ofen, Terrasse mit Blick auf Pari, Poo<\/em>l.<\/p><p><span style=\"text-decoration: underline;\">Parkplatzkapazit\u00e4t:<\/span><br \/><em>20-25 Autos.<\/em><\/p><p><span style=\"text-decoration: underline;\">Zus\u00e4tzliche Dienste:<\/span><br \/><em>Hochzeitsplaner; Autovermietung; Weintour; Siena-Tour mit Claudia; Kochkurs; Petriolo Spa; Pferde-Reiten.<\/em><\/p>\t\t\t\t\t\t<\/div>\n\t\t\t\t<\/div>\n\t\t\t\t\t<\/div>\n\t\t<\/div>\n\t\t\t\t\t\t\t<\/div>\n\t\t<\/section>\n\t\t\t\t\t<\/div>\n\t\t<\/div>\n\t\t\t\t\t\t\t<\/div>\n\t\t<\/section>\n\t\t\t\t\t\t\t<\/div>\n\t\t","protected":false},"excerpt":{"rendered":"<p>Der perfekte Ort f\u00fcr Ihren besonderen Tag Nach dem Sie durch unsere Baumallee gefahren und in unserem Gut angekommen sind, werden Sie gleich von der unber\u00fchrten Natur, die ihnen die toskanische Maremma bietet, beeindruckt sein. Hier k\u00f6nnen Sie die Landschaft in Ruhe mit Ihren Freunden oder Verwandten genie\u00dfen. Sobald Sie um das Gut herum gehen, [&hellip;]<\/p>\n","protected":false},"author":2,"featured_media":0,"parent":0,"menu_order":0,"comment_status":"closed","ping_status":"closed","template":"elementor_header_footer","meta":[],"yoast_head":"<!-- This site is optimized with the Yoast SEO plugin v21.8.1 - https:\/\/yoast.com\/wordpress\/plugins\/seo\/ -->\n<title>Location f\u00fcr Hochzeiten in der Toskana in der N\u00e4he von Siena - Bauernhaus Le Caldanelle<\/title>\n<meta name=\"description\" content=\"Location f\u00fcr Hochzeiten in der Toskana in der N\u00e4he von Siena. Ein perfekter Ort f\u00fcr rustikale oder l\u00e4ndlich-elegante Hochzeiten im typischen Stil der toskanischen Landschaft.\" \/>\n<meta name=\"robots\" content=\"index, follow, max-snippet:-1, max-image-preview:large, max-video-preview:-1\" \/>\n<link rel=\"canonical\" href=\"https:\/\/lecaldanelle.com\/de\/hochzeiten\/\" \/>\n<meta property=\"og:locale\" content=\"de_DE\" \/>\n<meta property=\"og:type\" content=\"article\" \/>\n<meta property=\"og:title\" content=\"Location f\u00fcr Hochzeiten in der Toskana in der N\u00e4he von Siena - Bauernhaus Le Caldanelle\" \/>\n<meta property=\"og:description\" content=\"Location f\u00fcr Hochzeiten in der Toskana in der N\u00e4he von Siena. Ein perfekter Ort f\u00fcr rustikale oder l\u00e4ndlich-elegante Hochzeiten im typischen Stil der toskanischen Landschaft.\" \/>\n<meta property=\"og:url\" content=\"https:\/\/lecaldanelle.com\/de\/hochzeiten\/\" \/>\n<meta property=\"og:site_name\" content=\"Agriturismo Le Caldanelle\" \/>\n<meta property=\"article:modified_time\" content=\"2019-03-06T16:30:47+00:00\" \/>\n<meta name=\"twitter:card\" content=\"summary_large_image\" \/>\n<meta name=\"twitter:label1\" content=\"Gesch\u00e4tzte Lesezeit\" \/>\n\t<meta name=\"twitter:data1\" content=\"1\u00a0Minute\" \/>\n<script type=\"application\/ld+json\" class=\"yoast-schema-graph\">{\"@context\":\"https:\/\/schema.org\",\"@graph\":[{\"@type\":\"WebPage\",\"@id\":\"https:\/\/lecaldanelle.com\/de\/hochzeiten\/\",\"url\":\"https:\/\/lecaldanelle.com\/de\/hochzeiten\/\",\"name\":\"Location f\u00fcr Hochzeiten in der Toskana in der N\u00e4he von Siena - Bauernhaus Le Caldanelle\",\"isPartOf\":{\"@id\":\"https:\/\/lecaldanelle.com\/#website\"},\"datePublished\":\"2019-03-06T16:19:25+00:00\",\"dateModified\":\"2019-03-06T16:30:47+00:00\",\"description\":\"Location f\u00fcr Hochzeiten in der Toskana in der N\u00e4he von Siena. Ein perfekter Ort f\u00fcr rustikale oder l\u00e4ndlich-elegante Hochzeiten im typischen Stil der toskanischen Landschaft.\",\"breadcrumb\":{\"@id\":\"https:\/\/lecaldanelle.com\/de\/hochzeiten\/#breadcrumb\"},\"inLanguage\":\"de\",\"potentialAction\":[{\"@type\":\"ReadAction\",\"target\":[\"https:\/\/lecaldanelle.com\/de\/hochzeiten\/\"]}]},{\"@type\":\"BreadcrumbList\",\"@id\":\"https:\/\/lecaldanelle.com\/de\/hochzeiten\/#breadcrumb\",\"itemListElement\":[{\"@type\":\"ListItem\",\"position\":1,\"name\":\"Home\",\"item\":\"https:\/\/lecaldanelle.com\/de\/\"},{\"@type\":\"ListItem\",\"position\":2,\"name\":\"Hochzeiten\"}]},{\"@type\":\"WebSite\",\"@id\":\"https:\/\/lecaldanelle.com\/#website\",\"url\":\"https:\/\/lecaldanelle.com\/\",\"name\":\"Agriturismo Le Caldanelle\",\"description\":\"Tuscan Farmhouse\",\"potentialAction\":[{\"@type\":\"SearchAction\",\"target\":{\"@type\":\"EntryPoint\",\"urlTemplate\":\"https:\/\/lecaldanelle.com\/?s={search_term_string}\"},\"query-input\":\"required name=search_term_string\"}],\"inLanguage\":\"de\"}]}<\/script>\n<!-- \/ Yoast SEO plugin. -->","yoast_head_json":{"title":"Location f\u00fcr Hochzeiten in der Toskana in der N\u00e4he von Siena - Bauernhaus Le Caldanelle","description":"Location f\u00fcr Hochzeiten in der Toskana in der N\u00e4he von Siena. Ein perfekter Ort f\u00fcr rustikale oder l\u00e4ndlich-elegante Hochzeiten im typischen Stil der toskanischen Landschaft.","robots":{"index":"index","follow":"follow","max-snippet":"max-snippet:-1","max-image-preview":"max-image-preview:large","max-video-preview":"max-video-preview:-1"},"canonical":"https:\/\/lecaldanelle.com\/de\/hochzeiten\/","og_locale":"de_DE","og_type":"article","og_title":"Location f\u00fcr Hochzeiten in der Toskana in der N\u00e4he von Siena - Bauernhaus Le Caldanelle","og_description":"Location f\u00fcr Hochzeiten in der Toskana in der N\u00e4he von Siena. Ein perfekter Ort f\u00fcr rustikale oder l\u00e4ndlich-elegante Hochzeiten im typischen Stil der toskanischen Landschaft.","og_url":"https:\/\/lecaldanelle.com\/de\/hochzeiten\/","og_site_name":"Agriturismo Le Caldanelle","article_modified_time":"2019-03-06T16:30:47+00:00","twitter_card":"summary_large_image","twitter_misc":{"Gesch\u00e4tzte Lesezeit":"1\u00a0Minute"},"schema":{"@context":"https:\/\/schema.org","@graph":[{"@type":"WebPage","@id":"https:\/\/lecaldanelle.com\/de\/hochzeiten\/","url":"https:\/\/lecaldanelle.com\/de\/hochzeiten\/","name":"Location f\u00fcr Hochzeiten in der Toskana in der N\u00e4he von Siena - Bauernhaus Le Caldanelle","isPartOf":{"@id":"https:\/\/lecaldanelle.com\/#website"},"datePublished":"2019-03-06T16:19:25+00:00","dateModified":"2019-03-06T16:30:47+00:00","description":"Location f\u00fcr Hochzeiten in der Toskana in der N\u00e4he von Siena. Ein perfekter Ort f\u00fcr rustikale oder l\u00e4ndlich-elegante Hochzeiten im typischen Stil der toskanischen Landschaft.","breadcrumb":{"@id":"https:\/\/lecaldanelle.com\/de\/hochzeiten\/#breadcrumb"},"inLanguage":"de","potentialAction":[{"@type":"ReadAction","target":["https:\/\/lecaldanelle.com\/de\/hochzeiten\/"]}]},{"@type":"BreadcrumbList","@id":"https:\/\/lecaldanelle.com\/de\/hochzeiten\/#breadcrumb","itemListElement":[{"@type":"ListItem","position":1,"name":"Home","item":"https:\/\/lecaldanelle.com\/de\/"},{"@type":"ListItem","position":2,"name":"Hochzeiten"}]},{"@type":"WebSite","@id":"https:\/\/lecaldanelle.com\/#website","url":"https:\/\/lecaldanelle.com\/","name":"Agriturismo Le Caldanelle","description":"Tuscan Farmhouse","potentialAction":[{"@type":"SearchAction","target":{"@type":"EntryPoint","urlTemplate":"https:\/\/lecaldanelle.com\/?s={search_term_string}"},"query-input":"required name=search_term_string"}],"inLanguage":"de"}]}},"_links":{"self":[{"href":"https:\/\/lecaldanelle.com\/de\/wp-json\/wp\/v2\/pages\/2917"}],"collection":[{"href":"https:\/\/lecaldanelle.com\/de\/wp-json\/wp\/v2\/pages"}],"about":[{"href":"https:\/\/lecaldanelle.com\/de\/wp-json\/wp\/v2\/types\/page"}],"author":[{"embeddable":true,"href":"https:\/\/lecaldanelle.com\/de\/wp-json\/wp\/v2\/users\/2"}],"replies":[{"embeddable":true,"href":"https:\/\/lecaldanelle.com\/de\/wp-json\/wp\/v2\/comments?post=2917"}],"version-history":[{"count":0,"href":"https:\/\/lecaldanelle.com\/de\/wp-json\/wp\/v2\/pages\/2917\/revisions"}],"wp:attachment":[{"href":"https:\/\/lecaldanelle.com\/de\/wp-json\/wp\/v2\/media?parent=2917"}],"curies":[{"name":"wp","href":"https:\/\/api.w.org\/{rel}","templated":true}]}}